{"id":1061,"date":"2014-05-30T13:20:00","date_gmt":"2014-05-30T11:20:00","guid":{"rendered":"http:\/\/www.backaby.se\/?page_id=1061"},"modified":"2026-03-31T11:12:23","modified_gmt":"2026-03-31T09:12:23","slug":"aktivtsschema","status":"publish","type":"page","link":"https:\/\/www.backaby.se\/?page_id=1061","title":{"rendered":"Evenemangskalender"},"content":{"rendered":"<p><strong>EVENEMANGSKALENDER B\u00c4CKABY 2026 (uppdateras kontinuerligt)<\/strong><\/p>\n<p>I \u00e5r har serveringen \u00f6ppet 13 juni till 17 augusti onsdag-s\u00f6ndag 14-20 hela sommaren. Vecka 27-32 \u00e4r det \u00e4ven \u00f6ppet m\u00e5ndagar! Mejla sommarfiket@backaby.se f\u00f6r att komma i kontakt med ansvariga.<\/p>\n<p><strong>M\u00d6TESPLATS B\u00c4CKABY:<\/strong><\/p>\n<table class=\"has-fixed-layout\">\n<tbody>\n<tr>\n<td class=\"wp-block-table__cell-content\">\n<div class=\"block-editor-rich-text__editable rich-text\" role=\"textbox\" contenteditable=\"true\" aria-multiline=\"true\" aria-label=\"Text i tabellkropp\">Torsdag\u00a0<\/div>\n<\/td>\n<td class=\"wp-block-table__cell-content\">\n<div class=\"block-editor-rich-text__editable rich-text\" role=\"textbox\" contenteditable=\"true\" aria-multiline=\"true\" aria-label=\"Text i tabellkropp\">12 feb\u00a0\u00a0<\/div>\n<\/td>\n<td class=\"wp-block-table__cell-content\">\n<div class=\"block-editor-rich-text__editable rich-text\" role=\"textbox\" contenteditable=\"true\" aria-multiline=\"true\" aria-label=\"Text i tabellkropp\">Musik fr\u00e5n \u00c5sa-Nisse filmerna med Bernt Thuresson fr\u00e5n Myresj\u00f6<\/div>\n<\/td>\n<\/tr>\n<tr>\n<td class=\"wp-block-table__cell-content\">\n<div class=\"block-editor-rich-text__editable rich-text\" role=\"textbox\" contenteditable=\"true\" aria-multiline=\"true\" aria-label=\"Text i tabellkropp\">Torsdag\u00a0<\/div>\n<\/td>\n<td class=\"wp-block-table__cell-content\">\n<div class=\"block-editor-rich-text__editable rich-text\" role=\"textbox\" contenteditable=\"true\" aria-multiline=\"true\" aria-label=\"Text i tabellkropp\">12 mars\u00a0<\/div>\n<\/td>\n<td class=\"wp-block-table__cell-content\">\n<div class=\"block-editor-rich-text__editable rich-text\" role=\"textbox\" contenteditable=\"true\" aria-multiline=\"true\" aria-label=\"Text i tabellkropp\">Demenssk\u00f6terska Mikael Ohlsson \u201dHur kan man p\u00e5verka sin hj\u00e4rnh\u00e4lsa?\u201d<\/div>\n<\/td>\n<\/tr>\n<tr>\n<td class=\"wp-block-table__cell-content\">\n<div class=\"block-editor-rich-text__editable rich-text\" role=\"textbox\" contenteditable=\"true\" aria-multiline=\"true\" aria-label=\"Text i tabellkropp\">Torsdag<\/div>\n<\/td>\n<td class=\"wp-block-table__cell-content\">\n<div class=\"block-editor-rich-text__editable rich-text\" role=\"textbox\" contenteditable=\"true\" aria-multiline=\"true\" aria-label=\"Text i tabellkropp\">16 april<\/div>\n<\/td>\n<td class=\"wp-block-table__cell-content\">\n<div class=\"block-editor-rich-text__editable rich-text\" role=\"textbox\" contenteditable=\"true\" aria-multiline=\"true\" aria-label=\"Text i tabellkropp\">Vetlanda Spelfolk underh\u00e5ller med s\u00e5ng och musik \u2013 Inger Bomander mfl\u00a0<\/div>\n<\/td>\n<\/tr>\n<tr>\n<td class=\"wp-block-table__cell-content\">\n<div class=\"block-editor-rich-text__editable rich-text\" role=\"textbox\" contenteditable=\"true\" aria-multiline=\"true\" aria-label=\"Text i tabellkropp\">Onsdag<\/div>\n<\/td>\n<td class=\"wp-block-table__cell-content\">\n<div class=\"block-editor-rich-text__editable rich-text\" role=\"textbox\" contenteditable=\"true\" aria-multiline=\"true\" aria-label=\"Text i tabellkropp\">13 maj<\/div>\n<\/td>\n<td class=\"wp-block-table__cell-content\">\n<div class=\"block-editor-rich-text__editable rich-text\" role=\"textbox\" contenteditable=\"true\" aria-multiline=\"true\" aria-label=\"Text i tabellkropp\">Sommarfest med god f\u00f6rt\u00e4ring \u2013 Vrigstads pojkarna Stefan och Bengt underh\u00e5ller<\/div>\n<\/td>\n<\/tr>\n<tr>\n<td class=\"wp-block-table__cell-content\" colspan=\"3\">\n<div class=\"block-editor-rich-text__editable rich-text\" role=\"textbox\" contenteditable=\"true\" aria-multiline=\"true\" aria-label=\"Text i tabellkropp\">\n<p>V\u00e4lkommen till\u00a0M\u00f6tesplats B\u00e4ckaby &#8211;\u00a0f\u00f6r dig som bor i eget boende och har behov av en social gemenskap (65+).\u00a0\u00a0\u00a0\u00a0\u00a0\u00a0\u00a0\u00a0<br data-rich-text-line-break=\"true\" \/>\u00a0\u00a0\u00a0\u00a0\u00a0\u00a0\u00a0\u00a0\u00a0\u00a0\u00a0\u00a0\u00a0\u00a0\u00a0\u00a0\u00a0\u00a0\u00a0<br data-rich-text-line-break=\"true\" \/>OBS! Anm\u00e4l dig helst tv\u00e5 dagar innan om du vill komma med p\u00e5 tr\u00e4ffarna till Inger 070-26 22 409 <br \/><a>Pris f\u00f6r fika 50 kr<\/a> (Kaffe, sm\u00f6rg\u00e5s och kaka) \u00a0 \u00a0 \u00a0\u00a0<br data-rich-text-line-break=\"true\" \/>\u00a0\u00a0\u00a0\u00a0\u00a0\u00a0\u00a0\u00a0\u00a0\u00a0\u00a0\u00a0\u00a0\u00a0\u00a0\u00a0\u00a0\u00a0\u00a0\u00a0\u00a0\u00a0\u00a0\u00a0\u00a0\u00a0\u00a0\u00a0\u00a0\u00a0\u00a0\u00a0\u00a0\u00a0\u00a0\u00a0\u00a0\u00a0\u00a0\u00a0\u00a0\u00a0\u00a0\u00a0\u00a0\u00a0\u00a0\u00a0\u00a0<br data-rich-text-line-break=\"true\" \/>Vid festligare tillf\u00e4llen andra priser.\u00a0\u00a0\u00a0\u00a0\u00a0\u00a0\u00a0\u00a0\u00a0\u00a0\u00a0\u00a0\u00a0\u00a0\u00a0\u00a0\u00a0\u00a0\u00a0\u00a0\u00a0\u00a0\u00a0\u00a0\u00a0\u00a0\u00a0\u00a0\u00a0\u00a0\u00a0\u00a0\u00a0\u00a0\u00a0\u00a0\u00a0\u00a0\u00a0\u00a0\u00a0\u00a0\u00a0\u00a0\u00a0\u00a0\u00a0\u00a0\u00a0\u00a0\u00a0\u00a0\u00a0\u00a0\u00a0\u00a0\u00a0\u00a0\u00a0\u00a0\u00a0\u00a0\u00a0\u00a0\u00a0\u00a0\u00a0\u00a0\u00a0\u00a0\u00a0\u00a0\u00a0\u00a0\u00a0\u00a0\u00a0\u00a0\u00a0\u00a0\u00a0\u00a0\u00a0\u00a0\u00a0\u00a0\u00a0\u00a0\u00a0\u00a0\u00a0\u00a0\u00a0\u00a0\u00a0\u00a0\u00a0\u00a0\u00a0\u00a0\u00a0\u00a0\u00a0\u00a0\u00a0<br data-rich-text-line-break=\"true\" \/>En del aktiviteter i sammarbete med\u00a0Studief\u00f6rbundet Vuxenskolan.<br data-rich-text-line-break=\"true\" \/><br data-rich-text-line-break=\"true\" \/>H\u00f6r g\u00e4rna av dig till:<br data-rich-text-line-break=\"true\" \/><strong>Inger Eriksson arb 070-26 22 409<\/strong><br data-rich-text-line-break=\"true\" \/><strong>eller<\/strong><br data-rich-text-line-break=\"true\" \/><strong>Catarina Svensson 072-20 81\u00a0394<\/strong><\/p>\n<\/div>\n<\/td>\n<\/tr>\n<\/tbody>\n<\/table>\n<p>V\u00c4L M\u00d6TT!<\/p>\n<p>Gl\u00f6m inte att betala medlemsavgiften till Hembygds- och Sockenf\u00f6reningen<br \/>p\u00e5 BG 5276-7142, 200 kr\/pers. <br \/>Har du fr\u00e5gor om aktiviteterna kontakta hembygdsf\u00f6reningen p\u00e5 backaby.hembygd@gmail.com. Kalendern uppdateras kontinuerligt.<\/p>\n<p style=\"text-align: center;\">I samarbete med Studief\u00f6rbundet Vuxenskolan<\/p>\n<p><a href=\"http:\/\/www.backaby.se\/wp-content\/uploads\/2014\/05\/Vuxenskolan.jpg\"><img loading=\"lazy\" decoding=\"async\" class=\"aligncenter size-full wp-image-1229\" src=\"http:\/\/www.backaby.se\/wp-content\/uploads\/2014\/05\/Vuxenskolan.jpg\" alt=\"Vuxenskolan\" width=\"219\" height=\"68\" \/><\/a><\/p>\n\n\n<p><\/p>\n","protected":false},"excerpt":{"rendered":"<p>EVENEMANGSKALENDER B\u00c4CKABY 2026 (uppdateras kontinuerligt) I \u00e5r har serveringen \u00f6ppet 13 juni till 17 augusti onsdag-s\u00f6ndag 14-20 hela sommaren. Vecka [&hellip;]<\/p>\n","protected":false},"author":1,"featured_media":0,"parent":0,"menu_order":0,"comment_status":"closed","ping_status":"open","template":"","meta":{"site-sidebar-layout":"default","site-content-layout":"","ast-site-content-layout":"","site-content-style":"default","site-sidebar-style":"default","ast-global-header-display":"","ast-banner-title-visibility":"","ast-main-header-display":"","ast-hfb-above-header-display":"","ast-hfb-below-header-display":"","ast-hfb-mobile-header-display":"","site-post-title":"","ast-breadcrumbs-content":"","ast-featured-img":"","footer-sml-layout":"","theme-transparent-header-meta":"","adv-header-id-meta":"","stick-header-meta":"","header-above-stick-meta":"","header-main-stick-meta":"","header-below-stick-meta":"","astra-migrate-meta-layouts":"default","ast-page-background-enabled":"default","ast-page-background-meta":{"desktop":{"background-color":"var(--ast-global-color-4)","background-image":"","background-repeat":"repeat","background-position":"center center","background-size":"auto","background-attachment":"scroll","background-type":"","background-media":"","overlay-type":"","overlay-color":"","overlay-opacity":"","overlay-gradient":""},"tablet":{"background-color":"","background-image":"","background-repeat":"repeat","background-position":"center center","background-size":"auto","background-attachment":"scroll","background-type":"","background-media":"","overlay-type":"","overlay-color":"","overlay-opacity":"","overlay-gradient":""},"mobile":{"background-color":"","background-image":"","background-repeat":"repeat","background-position":"center center","background-size":"auto","background-attachment":"scroll","background-type":"","background-media":"","overlay-type":"","overlay-color":"","overlay-opacity":"","overlay-gradient":""}},"ast-content-background-meta":{"desktop":{"background-color":"var(--ast-global-color-5)","background-image":"","background-repeat":"repeat","background-position":"center center","background-size":"auto","background-attachment":"scroll","background-type":"","background-media":"","overlay-type":"","overlay-color":"","overlay-opacity":"","overlay-gradient":""},"tablet":{"background-color":"var(--ast-global-color-5)","background-image":"","background-repeat":"repeat","background-position":"center center","background-size":"auto","background-attachment":"scroll","background-type":"","background-media":"","overlay-type":"","overlay-color":"","overlay-opacity":"","overlay-gradient":""},"mobile":{"background-color":"var(--ast-global-color-5)","background-image":"","background-repeat":"repeat","background-position":"center center","background-size":"auto","background-attachment":"scroll","background-type":"","background-media":"","overlay-type":"","overlay-color":"","overlay-opacity":"","overlay-gradient":""}},"footnotes":""},"class_list":["post-1061","page","type-page","status-publish","hentry"],"_links":{"self":[{"href":"https:\/\/www.backaby.se\/index.php?rest_route=\/wp\/v2\/pages\/1061","targetHints":{"allow":["GET"]}}],"collection":[{"href":"https:\/\/www.backaby.se\/index.php?rest_route=\/wp\/v2\/pages"}],"about":[{"href":"https:\/\/www.backaby.se\/index.php?rest_route=\/wp\/v2\/types\/page"}],"author":[{"embeddable":true,"href":"https:\/\/www.backaby.se\/index.php?rest_route=\/wp\/v2\/users\/1"}],"replies":[{"embeddable":true,"href":"https:\/\/www.backaby.se\/index.php?rest_route=%2Fwp%2Fv2%2Fcomments&post=1061"}],"version-history":[{"count":122,"href":"https:\/\/www.backaby.se\/index.php?rest_route=\/wp\/v2\/pages\/1061\/revisions"}],"predecessor-version":[{"id":2513,"href":"https:\/\/www.backaby.se\/index.php?rest_route=\/wp\/v2\/pages\/1061\/revisions\/2513"}],"wp:attachment":[{"href":"https:\/\/www.backaby.se\/index.php?rest_route=%2Fwp%2Fv2%2Fmedia&parent=1061"}],"curies":[{"name":"wp","href":"https:\/\/api.w.org\/{rel}","templated":true}]}}