{"id":115,"date":"2010-04-01T20:03:01","date_gmt":"2010-04-01T18:03:01","guid":{"rendered":"http:\/\/www.tdf.se\/backabywp\/?page_id=115"},"modified":"2013-07-13T18:15:53","modified_gmt":"2013-07-13T16:15:53","slug":"kyrkan","status":"publish","type":"page","link":"https:\/\/www.backaby.se\/?page_id=115","title":{"rendered":"Kyrkan"},"content":{"rendered":"<p>Historiskt  sett s\u00e5 har kyrkan i sm\u00e5 byar haft stor betydelse och B\u00e4ckaby \u00e4r inget undantag. Enligt anteckningar som finns tillg\u00e4ngliga byggdes en kyrka i byn 1584 och troligen uppf\u00f6rdes den p\u00e5 en \u00e4ldre grund. Kyrkan som byggdes hade klockstapel med tv\u00e5 klockor men 1699 byggdes torn f\u00f6r klockorna.<\/p>\n<p>Vid Gustav Vasas klockuppb\u00f6rd fick B\u00e4ckaby f\u00f6rsamling erl\u00e4gga i l\u00f6sen en klocka om 20 lispunds vikt (1 lispund \u00e4r detsamma som 8,5 kilo). D\u00e5 den mindre klockan omg\u00f6ts 1747 fick sockenborna sl\u00e4ppa till sex styck malmgrytor som v\u00e4gde 3 lispund och 3 marker samt en funtkittel som fanns i kyrkan.<br \/>\nBruket av kyrkklockor \u00e4r lika gammalt som kristendomen i v\u00e5rt land. Vid den tiden, d\u00e5 kristna f\u00f6rsamlingar uppstod i v\u00e5ra bygder, och sm\u00e5 korskr\u00f6nta tr\u00e4byggnader restes h\u00e4r och var, skaffades \u00e4ven kyrkklockor. Man k\u00e4nde trygghet n\u00e4r klockornas malmklang lj\u00f6d \u00f6ver bygden. Den skulle f\u00f6rdriva allt oknytt som hotade m\u00e4nniskorna.<br \/>\nDen stora klockan i B\u00e4ckaby kyrka \u00e4r medeltida och har kallat folket till gudstj\u00e4nst under s\u00e5 gott som 600 \u00e5r.<\/p>\n<p>Den kyrka som finns i B\u00e4ckaby idag invigdes 1899 och den gamla s\u00e5ldes d\u00e5 till en privatperson som s\u00e5g till att den flyttades till J\u00f6nk\u00f6ping d\u00e4r den \u00e5teruppf\u00f6rdes i stadsparken. Den gamla kyrkan var en tr\u00e4kyrka som renoverats och byggts om i flera omg\u00e5ngar och de \u00e4ldsta delarna i kyrkan var fr\u00e5n 1320-talet. Tyv\u00e4rr finns inte B\u00e4ckaby gamla tr\u00e4kyrka kvar l\u00e4ngre. Den 28 april 2000 totalf\u00f6rst\u00f6rdes den i en brand som senare skulle visa sig vara anlagd.<\/p>\n","protected":false},"excerpt":{"rendered":"<p>Historiskt sett s\u00e5 har kyrkan i sm\u00e5 byar haft stor betydelse och B\u00e4ckaby \u00e4r inget undantag. Enligt anteckningar som finns [&hellip;]<\/p>\n","protected":false},"author":1,"featured_media":0,"parent":652,"menu_order":20,"comment_status":"closed","ping_status":"closed","template":"","meta":{"site-sidebar-layout":"default","site-content-layout":"","ast-site-content-layout":"","site-content-style":"default","site-sidebar-style":"default","ast-global-header-display":"","ast-banner-title-visibility":"","ast-main-header-display":"","ast-hfb-above-header-display":"","ast-hfb-below-header-display":"","ast-hfb-mobile-header-display":"","site-post-title":"","ast-breadcrumbs-content":"","ast-featured-img":"","footer-sml-layout":"","theme-transparent-header-meta":"","adv-header-id-meta":"","stick-header-meta":"","header-above-stick-meta":"","header-main-stick-meta":"","header-below-stick-meta":"","astra-migrate-meta-layouts":"default","ast-page-background-enabled":"default","ast-page-background-meta":{"desktop":{"background-color":"var(--ast-global-color-4)","background-image":"","background-repeat":"repeat","background-position":"center center","background-size":"auto","background-attachment":"scroll","background-type":"","background-media":"","overlay-type":"","overlay-color":"","overlay-opacity":"","overlay-gradient":""},"tablet":{"background-color":"","background-image":"","background-repeat":"repeat","background-position":"center center","background-size":"auto","background-attachment":"scroll","background-type":"","background-media":"","overlay-type":"","overlay-color":"","overlay-opacity":"","overlay-gradient":""},"mobile":{"background-color":"","background-image":"","background-repeat":"repeat","background-position":"center center","background-size":"auto","background-attachment":"scroll","background-type":"","background-media":"","overlay-type":"","overlay-color":"","overlay-opacity":"","overlay-gradient":""}},"ast-content-background-meta":{"desktop":{"background-color":"var(--ast-global-color-5)","background-image":"","background-repeat":"repeat","background-position":"center center","background-size":"auto","background-attachment":"scroll","background-type":"","background-media":"","overlay-type":"","overlay-color":"","overlay-opacity":"","overlay-gradient":""},"tablet":{"background-color":"var(--ast-global-color-5)","background-image":"","background-repeat":"repeat","background-position":"center center","background-size":"auto","background-attachment":"scroll","background-type":"","background-media":"","overlay-type":"","overlay-color":"","overlay-opacity":"","overlay-gradient":""},"mobile":{"background-color":"var(--ast-global-color-5)","background-image":"","background-repeat":"repeat","background-position":"center center","background-size":"auto","background-attachment":"scroll","background-type":"","background-media":"","overlay-type":"","overlay-color":"","overlay-opacity":"","overlay-gradient":""}},"footnotes":""},"class_list":["post-115","page","type-page","status-publish","hentry"],"_links":{"self":[{"href":"https:\/\/www.backaby.se\/index.php?rest_route=\/wp\/v2\/pages\/115","targetHints":{"allow":["GET"]}}],"collection":[{"href":"https:\/\/www.backaby.se\/index.php?rest_route=\/wp\/v2\/pages"}],"about":[{"href":"https:\/\/www.backaby.se\/index.php?rest_route=\/wp\/v2\/types\/page"}],"author":[{"embeddable":true,"href":"https:\/\/www.backaby.se\/index.php?rest_route=\/wp\/v2\/users\/1"}],"replies":[{"embeddable":true,"href":"https:\/\/www.backaby.se\/index.php?rest_route=%2Fwp%2Fv2%2Fcomments&post=115"}],"version-history":[{"count":7,"href":"https:\/\/www.backaby.se\/index.php?rest_route=\/wp\/v2\/pages\/115\/revisions"}],"predecessor-version":[{"id":665,"href":"https:\/\/www.backaby.se\/index.php?rest_route=\/wp\/v2\/pages\/115\/revisions\/665"}],"up":[{"embeddable":true,"href":"https:\/\/www.backaby.se\/index.php?rest_route=\/wp\/v2\/pages\/652"}],"wp:attachment":[{"href":"https:\/\/www.backaby.se\/index.php?rest_route=%2Fwp%2Fv2%2Fmedia&parent=115"}],"curies":[{"name":"wp","href":"https:\/\/api.w.org\/{rel}","templated":true}]}}