{"id":134,"date":"2010-04-03T09:39:10","date_gmt":"2010-04-03T07:39:10","guid":{"rendered":"http:\/\/www.tdf.se\/backabywp\/?page_id=134"},"modified":"2013-09-02T17:22:24","modified_gmt":"2013-09-02T15:22:24","slug":"information","status":"publish","type":"page","link":"https:\/\/www.backaby.se\/?page_id=134","title":{"rendered":"Kultur och kommunikation"},"content":{"rendered":"<p><strong>Kommunikation:<\/strong>  Det finns en busslinje som g\u00e5r via B\u00e4ckaby och det \u00e4r L\u00e4nstrafikens busslinje 350.<a href=\"http:\/\/www.jlt.se\/resande\/tider\/tidtabeller\/regionbussar\/3C8BDD3B-25AD-4A3B-9725-29D2D11BBAAA\" target=\"_blank\"> Klicka h\u00e4r f\u00f6r att se tidtabell.<\/a> Tidtabellen visas i pdf-format och kr\u00e4ver Adobe<\/p>\n<p>F\u00f6r mer information ang\u00e5ende busslinjer, bes\u00f6k L\u00e4nstrafikens hemsida, <a href=\"http:\/\/www.jlt.se\" target=\"_blank\">www.jlt.se<\/a><\/p>\n<p><strong>Bokbuss\/Bibliotek:<\/strong> Bokbussen bes\u00f6ker B\u00e4ckaby med omnejd enligt ett rullande 4-veckorsschema. F\u00f6r n\u00e4rvarande \u00e4r det var fj\u00e4rde onsdag som den \u00e4r i socknen. <a href=\"http:\/\/biblioteket.vetlanda.se\/c\/document_library\/get_file?uuid=fe6a806a-c5c0-4abc-b8e4-7fb374707794&amp;groupId=15264\" target=\"_blank\">Klicka h\u00e4r f\u00f6r att komma direkt till turlistan.<\/a><\/p>\n<p><strong>\u00d6vrig samh\u00e4llsservice:<\/strong> F\u00f6r \u00f6vrig samh\u00e4llsservice h\u00e4nvisas till Vetlanda kommun,<a href=\"http:\/\/www.vetlanda.se\" target=\"_blank\"> www.vetlanda.se<\/a> eller via dess v\u00e4xel p\u00e5 0383-971 00<\/p>\n","protected":false},"excerpt":{"rendered":"<p>Kommunikation: Det finns en busslinje som g\u00e5r via B\u00e4ckaby och det \u00e4r L\u00e4nstrafikens busslinje 350. Klicka h\u00e4r f\u00f6r att se [&hellip;]<\/p>\n","protected":false},"author":1,"featured_media":0,"parent":652,"menu_order":15,"comment_status":"closed","ping_status":"closed","template":"","meta":{"site-sidebar-layout":"default","site-content-layout":"","ast-site-content-layout":"","site-content-style":"default","site-sidebar-style":"default","ast-global-header-display":"","ast-banner-title-visibility":"","ast-main-header-display":"","ast-hfb-above-header-display":"","ast-hfb-below-header-display":"","ast-hfb-mobile-header-display":"","site-post-title":"","ast-breadcrumbs-content":"","ast-featured-img":"","footer-sml-layout":"","theme-transparent-header-meta":"","adv-header-id-meta":"","stick-header-meta":"","header-above-stick-meta":"","header-main-stick-meta":"","header-below-stick-meta":"","astra-migrate-meta-layouts":"default","ast-page-background-enabled":"default","ast-page-background-meta":{"desktop":{"background-color":"var(--ast-global-color-4)","background-image":"","background-repeat":"repeat","background-position":"center center","background-size":"auto","background-attachment":"scroll","background-type":"","background-media":"","overlay-type":"","overlay-color":"","overlay-opacity":"","overlay-gradient":""},"tablet":{"background-color":"","background-image":"","background-repeat":"repeat","background-position":"center center","background-size":"auto","background-attachment":"scroll","background-type":"","background-media":"","overlay-type":"","overlay-color":"","overlay-opacity":"","overlay-gradient":""},"mobile":{"background-color":"","background-image":"","background-repeat":"repeat","background-position":"center center","background-size":"auto","background-attachment":"scroll","background-type":"","background-media":"","overlay-type":"","overlay-color":"","overlay-opacity":"","overlay-gradient":""}},"ast-content-background-meta":{"desktop":{"background-color":"var(--ast-global-color-5)","background-image":"","background-repeat":"repeat","background-position":"center center","background-size":"auto","background-attachment":"scroll","background-type":"","background-media":"","overlay-type":"","overlay-color":"","overlay-opacity":"","overlay-gradient":""},"tablet":{"background-color":"var(--ast-global-color-5)","background-image":"","background-repeat":"repeat","background-position":"center center","background-size":"auto","background-attachment":"scroll","background-type":"","background-media":"","overlay-type":"","overlay-color":"","overlay-opacity":"","overlay-gradient":""},"mobile":{"background-color":"var(--ast-global-color-5)","background-image":"","background-repeat":"repeat","background-position":"center center","background-size":"auto","background-attachment":"scroll","background-type":"","background-media":"","overlay-type":"","overlay-color":"","overlay-opacity":"","overlay-gradient":""}},"footnotes":""},"class_list":["post-134","page","type-page","status-publish","hentry"],"_links":{"self":[{"href":"https:\/\/www.backaby.se\/index.php?rest_route=\/wp\/v2\/pages\/134","targetHints":{"allow":["GET"]}}],"collection":[{"href":"https:\/\/www.backaby.se\/index.php?rest_route=\/wp\/v2\/pages"}],"about":[{"href":"https:\/\/www.backaby.se\/index.php?rest_route=\/wp\/v2\/types\/page"}],"author":[{"embeddable":true,"href":"https:\/\/www.backaby.se\/index.php?rest_route=\/wp\/v2\/users\/1"}],"replies":[{"embeddable":true,"href":"https:\/\/www.backaby.se\/index.php?rest_route=%2Fwp%2Fv2%2Fcomments&post=134"}],"version-history":[{"count":14,"href":"https:\/\/www.backaby.se\/index.php?rest_route=\/wp\/v2\/pages\/134\/revisions"}],"predecessor-version":[{"id":841,"href":"https:\/\/www.backaby.se\/index.php?rest_route=\/wp\/v2\/pages\/134\/revisions\/841"}],"up":[{"embeddable":true,"href":"https:\/\/www.backaby.se\/index.php?rest_route=\/wp\/v2\/pages\/652"}],"wp:attachment":[{"href":"https:\/\/www.backaby.se\/index.php?rest_route=%2Fwp%2Fv2%2Fmedia&parent=134"}],"curies":[{"name":"wp","href":"https:\/\/api.w.org\/{rel}","templated":true}]}}