{"id":16,"date":"2010-03-29T10:50:25","date_gmt":"2010-03-29T08:50:25","guid":{"rendered":"http:\/\/www.tdf.se\/backabywp\/?page_id=16"},"modified":"2013-09-02T17:21:36","modified_gmt":"2013-09-02T15:21:36","slug":"historia-2","status":"publish","type":"page","link":"https:\/\/www.backaby.se\/?page_id=16","title":{"rendered":"Historia"},"content":{"rendered":"<p>Plymska  Huset har tillkommit genom en donation av F J Plym. Han var f\u00f6dd i Puketorp, B\u00e4ckaby och kom \u00e5r 1870 tillsammans med sina f\u00f6r\u00e4ldrar till USA. Han var d\u00e5 ett \u00e5r gammal. Vid 13 \u00e5rs \u00e5lder fick han s\u00f6ka sin utkomst p\u00e5 egen hand. Han sparade av sina inkomster och detta gjorde det m\u00f6jligt f\u00f6r honom att skaffa sig h\u00f6gskoleutbildning i Valparaiso och New York, d\u00e4r han avlade arkitektexamen.<\/p>\n<p>Plym bes\u00f6kte B\u00e4ckaby flera g\u00e5nger. Av sin mor fick han veta hur sv\u00e5rt de gamla och fattiga hade det i hemsocknen. Tanken f\u00f6ddes d\u00e5 hos honom att g\u00f6ra n\u00e5got f\u00f6r sin hembygd. \u00c5r 1929 fick socknen ta emot 100 000 kronor till ett \u00e5lderdomshem.<\/p>\n<p>Han ritade byggnaden sj\u00e4lv. Alla rum skulle ligga \u00e5t s\u00f6der, \u00e5t tr\u00e4dg\u00e5rden och v\u00e4gen. Inga trappor fick f\u00f6rekomma d\u00e4r de gamla skulle g\u00e5. Huset \u00e4r byggt i tegel och har en speciell arkitektur.<\/p>\n<p>De donerade medlen som ej gick \u00e5t f\u00f6r byggnaden och dess inredning placerades i en fond. Byggnaden anv\u00e4ndes som \u00e5lderdomshem till augusti 1995 d\u00e5 verksamheten lades ner. B\u00e4ckaby Sockenr\u00e5d har, sedan nedl\u00e4ggningen f\u00f6rst kom p\u00e5 tal, k\u00e4mpat f\u00f6r att den ursprungliga verksamheten skulle f\u00e5 vara kvar i byggnaden. Kommunfullm\u00e4ktige beslutade i oktober 1995 att g\u00f6ra en om- och tillbyggnad f\u00f6r 10 v\u00e5rdplatser. P g a det k\u00e4rva ekonomiska l\u00e4get ans\u00e5g kommunen det tills vidare orealistiskt att bygga enligt beslutet och i september 1998 blev B\u00e4ckaby Sockenr\u00e5d lovade ekonomiskt st\u00f6d om n\u00e5gon verksamhet kunde komma ig\u00e5ng i byggnaden.<\/p>\n<p>En forskningscirkel, under ledning av docent Owe \u00c5hlund, Lund, startades. Resultatet blev att Sockenr\u00e5det beslutade starta l\u00e4gerg\u00e5rd och dagcentral i byggnaden. Projektst\u00f6d f\u00f6r \u00e5r 1999 och 2000 erh\u00f6lls fr\u00e5n Sm\u00e5landsgruppen FGH dvs.Vetlanda kommun, J\u00f6nk\u00f6pings l\u00e4ns landsting, staten och Europeiska Regionalfonden. Invigningen skedde den 4 september 1999.<\/p>\n<p>Verksamheten drivs i B\u00e4ckaby Sockenr\u00e5ds regi genom en deltidsanst\u00e4lld samt ideellt arbete. Vetlanda kommun uppl\u00e5ter byggnaden och l\u00e4mnar ekonomiskt st\u00f6d.<\/p>\n","protected":false},"excerpt":{"rendered":"<p>Plymska Huset har tillkommit genom en donation av F J Plym. Han var f\u00f6dd i Puketorp, B\u00e4ckaby och kom \u00e5r [&hellip;]<\/p>\n","protected":false},"author":1,"featured_media":0,"parent":652,"menu_order":20,"comment_status":"closed","ping_status":"closed","template":"","meta":{"site-sidebar-layout":"default","site-content-layout":"","ast-site-content-layout":"","site-content-style":"default","site-sidebar-style":"default","ast-global-header-display":"","ast-banner-title-visibility":"","ast-main-header-display":"","ast-hfb-above-header-display":"","ast-hfb-below-header-display":"","ast-hfb-mobile-header-display":"","site-post-title":"","ast-breadcrumbs-content":"","ast-featured-img":"","footer-sml-layout":"","theme-transparent-header-meta":"","adv-header-id-meta":"","stick-header-meta":"","header-above-stick-meta":"","header-main-stick-meta":"","header-below-stick-meta":"","astra-migrate-meta-layouts":"default","ast-page-background-enabled":"default","ast-page-background-meta":{"desktop":{"background-color":"var(--ast-global-color-4)","background-image":"","background-repeat":"repeat","background-position":"center center","background-size":"auto","background-attachment":"scroll","background-type":"","background-media":"","overlay-type":"","overlay-color":"","overlay-opacity":"","overlay-gradient":""},"tablet":{"background-color":"","background-image":"","background-repeat":"repeat","background-position":"center center","background-size":"auto","background-attachment":"scroll","background-type":"","background-media":"","overlay-type":"","overlay-color":"","overlay-opacity":"","overlay-gradient":""},"mobile":{"background-color":"","background-image":"","background-repeat":"repeat","background-position":"center center","background-size":"auto","background-attachment":"scroll","background-type":"","background-media":"","overlay-type":"","overlay-color":"","overlay-opacity":"","overlay-gradient":""}},"ast-content-background-meta":{"desktop":{"background-color":"var(--ast-global-color-5)","background-image":"","background-repeat":"repeat","background-position":"center center","background-size":"auto","background-attachment":"scroll","background-type":"","background-media":"","overlay-type":"","overlay-color":"","overlay-opacity":"","overlay-gradient":""},"tablet":{"background-color":"var(--ast-global-color-5)","background-image":"","background-repeat":"repeat","background-position":"center center","background-size":"auto","background-attachment":"scroll","background-type":"","background-media":"","overlay-type":"","overlay-color":"","overlay-opacity":"","overlay-gradient":""},"mobile":{"background-color":"var(--ast-global-color-5)","background-image":"","background-repeat":"repeat","background-position":"center center","background-size":"auto","background-attachment":"scroll","background-type":"","background-media":"","overlay-type":"","overlay-color":"","overlay-opacity":"","overlay-gradient":""}},"footnotes":""},"class_list":["post-16","page","type-page","status-publish","hentry"],"_links":{"self":[{"href":"https:\/\/www.backaby.se\/index.php?rest_route=\/wp\/v2\/pages\/16","targetHints":{"allow":["GET"]}}],"collection":[{"href":"https:\/\/www.backaby.se\/index.php?rest_route=\/wp\/v2\/pages"}],"about":[{"href":"https:\/\/www.backaby.se\/index.php?rest_route=\/wp\/v2\/types\/page"}],"author":[{"embeddable":true,"href":"https:\/\/www.backaby.se\/index.php?rest_route=\/wp\/v2\/users\/1"}],"replies":[{"embeddable":true,"href":"https:\/\/www.backaby.se\/index.php?rest_route=%2Fwp%2Fv2%2Fcomments&post=16"}],"version-history":[{"count":3,"href":"https:\/\/www.backaby.se\/index.php?rest_route=\/wp\/v2\/pages\/16\/revisions"}],"predecessor-version":[{"id":840,"href":"https:\/\/www.backaby.se\/index.php?rest_route=\/wp\/v2\/pages\/16\/revisions\/840"}],"up":[{"embeddable":true,"href":"https:\/\/www.backaby.se\/index.php?rest_route=\/wp\/v2\/pages\/652"}],"wp:attachment":[{"href":"https:\/\/www.backaby.se\/index.php?rest_route=%2Fwp%2Fv2%2Fmedia&parent=16"}],"curies":[{"name":"wp","href":"https:\/\/api.w.org\/{rel}","templated":true}]}}