{"id":1764,"date":"2021-09-19T17:30:05","date_gmt":"2021-09-19T15:30:05","guid":{"rendered":"http:\/\/www.backaby.se\/?page_id=1764"},"modified":"2025-04-16T08:40:44","modified_gmt":"2025-04-16T06:40:44","slug":"vandrarhem","status":"publish","type":"page","link":"https:\/\/www.backaby.se\/?page_id=1764","title":{"rendered":"Vandrarhem, Plymskahuset."},"content":{"rendered":"\n<p>Mitt i B\u00e4ckaby finns Plymska Huset. H\u00e4r kan du \u00f6vernatta, f\u00f6rl\u00e4gga l\u00e4ger, retreater mm.<\/p>\n\n\n\n<p><strong>Priser<\/strong><br>\u00d6vernattning, 300 kr per vuxen och natt samt 150 kr per barn (14 \u00e5r och yngre)<br>Hyra av lakan 150 kr\/set. Sovs\u00e4ck f\u00e5r ej anv\u00e4ndas.<br>Hyra med ensamr\u00e4tt till hela huset, 2500:- f\u00f6r ett dygn, 2000:- f\u00f6r varje efterf\u00f6ljande dygn.<\/p>\n\n\n\n<p>St\u00e4dning kan utf\u00f6ras genom sockenr\u00e5det, som best\u00e4lles vid bokningen, Pris 1500 kr. Obs, vid utebliven st\u00e4dning faktureras detta i efterhand.<\/p>\n\n\n\n<p>N\u00e4r det g\u00e4ller uthyrning f\u00f6r m\u00f6ten och sammankomster h\u00e4nvisar vi till sidan f\u00f6r\u00a0<a href=\"http:\/\/www.backaby.se\/?page_id=234\">B\u00e4ckabyg\u00e5rden<\/a>.<\/p>\n\n\n\n<p>F\u00f6r bokning och ytterligare upplysningar skicka epost till <a href=\"mailto:bokning@backaby.se\">bokning@backaby.se<\/a><\/p>\n\n\n\n<figure class=\"wp-block-image size-full\"><a href=\"http:\/\/www.backaby.se\/wp-content\/uploads\/2021\/09\/utsida.jpg\"><img loading=\"lazy\" decoding=\"async\" width=\"1000\" height=\"486\" src=\"http:\/\/www.backaby.se\/wp-content\/uploads\/2021\/09\/utsida.jpg\" alt=\"\" class=\"wp-image-1760\" srcset=\"https:\/\/www.backaby.se\/wp-content\/uploads\/2021\/09\/utsida.jpg 1000w, https:\/\/www.backaby.se\/wp-content\/uploads\/2021\/09\/utsida-300x146.jpg 300w, https:\/\/www.backaby.se\/wp-content\/uploads\/2021\/09\/utsida-768x373.jpg 768w, https:\/\/www.backaby.se\/wp-content\/uploads\/2021\/09\/utsida-500x243.jpg 500w\" sizes=\"auto, (max-width: 1000px) 100vw, 1000px\" \/><\/a><figcaption class=\"wp-element-caption\">H\u00e4r finns 9 b\u00e4ddar i 5 rum. <\/figcaption><\/figure>\n\n\n\n<figure class=\"wp-block-image size-full\"><a href=\"http:\/\/www.backaby.se\/wp-content\/uploads\/2021\/09\/entre.jpg\"><img loading=\"lazy\" decoding=\"async\" width=\"1000\" height=\"486\" src=\"http:\/\/www.backaby.se\/wp-content\/uploads\/2021\/09\/entre.jpg\" alt=\"\" class=\"wp-image-1750\" srcset=\"https:\/\/www.backaby.se\/wp-content\/uploads\/2021\/09\/entre.jpg 1000w, https:\/\/www.backaby.se\/wp-content\/uploads\/2021\/09\/entre-300x146.jpg 300w, https:\/\/www.backaby.se\/wp-content\/uploads\/2021\/09\/entre-768x373.jpg 768w, https:\/\/www.backaby.se\/wp-content\/uploads\/2021\/09\/entre-500x243.jpg 500w\" sizes=\"auto, (max-width: 1000px) 100vw, 1000px\" \/><\/a><figcaption class=\"wp-element-caption\">Vid entr\u00e9n finns den en nyckelg\u00f6mma vars kod man f\u00e5r vid bokningen, koden \u00e4ndras oregelbundet.<\/figcaption><\/figure>\n\n\n\n<figure class=\"wp-block-image size-full\"><a href=\"http:\/\/www.backaby.se\/wp-content\/uploads\/2021\/09\/Nyckelgomma-1.jpg\"><img loading=\"lazy\" decoding=\"async\" width=\"1000\" height=\"486\" src=\"http:\/\/www.backaby.se\/wp-content\/uploads\/2021\/09\/Nyckelgomma-1.jpg\" alt=\"\" class=\"wp-image-1755\" srcset=\"https:\/\/www.backaby.se\/wp-content\/uploads\/2021\/09\/Nyckelgomma-1.jpg 1000w, https:\/\/www.backaby.se\/wp-content\/uploads\/2021\/09\/Nyckelgomma-1-300x146.jpg 300w, https:\/\/www.backaby.se\/wp-content\/uploads\/2021\/09\/Nyckelgomma-1-768x373.jpg 768w, https:\/\/www.backaby.se\/wp-content\/uploads\/2021\/09\/Nyckelgomma-1-500x243.jpg 500w\" sizes=\"auto, (max-width: 1000px) 100vw, 1000px\" \/><\/a><\/figure>\n\n\n\n<div class=\"wp-block-columns is-layout-flex wp-container-core-columns-is-layout-28f84493 wp-block-columns-is-layout-flex\">\n<div class=\"wp-block-column is-layout-flow wp-block-column-is-layout-flow\" style=\"flex-basis:50%\">\n<figure class=\"wp-block-image size-full\"><a href=\"http:\/\/www.backaby.se\/wp-content\/uploads\/2021\/09\/matsal.jpg\"><img loading=\"lazy\" decoding=\"async\" width=\"1000\" height=\"486\" src=\"http:\/\/www.backaby.se\/wp-content\/uploads\/2021\/09\/matsal.jpg\" alt=\"\" class=\"wp-image-1753\" srcset=\"https:\/\/www.backaby.se\/wp-content\/uploads\/2021\/09\/matsal.jpg 1000w, https:\/\/www.backaby.se\/wp-content\/uploads\/2021\/09\/matsal-300x146.jpg 300w, https:\/\/www.backaby.se\/wp-content\/uploads\/2021\/09\/matsal-768x373.jpg 768w, https:\/\/www.backaby.se\/wp-content\/uploads\/2021\/09\/matsal-500x243.jpg 500w\" sizes=\"auto, (max-width: 1000px) 100vw, 1000px\" \/><\/a><figcaption class=\"wp-element-caption\">Det finns en samlingsal\/matsa<\/figcaption><\/figure>\n<\/div>\n\n\n\n<div class=\"wp-block-column is-layout-flow wp-block-column-is-layout-flow\" style=\"flex-basis:50%\">\n<figure class=\"wp-block-image aligncenter size-full\"><a href=\"http:\/\/www.backaby.se\/wp-content\/uploads\/2021\/09\/tvcorner.jpg\"><img loading=\"lazy\" decoding=\"async\" width=\"1000\" height=\"486\" src=\"http:\/\/www.backaby.se\/wp-content\/uploads\/2021\/09\/tvcorner.jpg\" alt=\"\" class=\"wp-image-1759\" srcset=\"https:\/\/www.backaby.se\/wp-content\/uploads\/2021\/09\/tvcorner.jpg 1000w, https:\/\/www.backaby.se\/wp-content\/uploads\/2021\/09\/tvcorner-300x146.jpg 300w, https:\/\/www.backaby.se\/wp-content\/uploads\/2021\/09\/tvcorner-768x373.jpg 768w, https:\/\/www.backaby.se\/wp-content\/uploads\/2021\/09\/tvcorner-500x243.jpg 500w\" sizes=\"auto, (max-width: 1000px) 100vw, 1000px\" \/><\/a><figcaption class=\"wp-element-caption\">som \u00e4ven har en tv.<\/figcaption><\/figure>\n<\/div>\n<\/div>\n\n\n\n<figure class=\"wp-block-image size-full\"><a href=\"http:\/\/www.backaby.se\/wp-content\/uploads\/2021\/09\/kok.jpg\"><img loading=\"lazy\" decoding=\"async\" width=\"1000\" height=\"486\" src=\"http:\/\/www.backaby.se\/wp-content\/uploads\/2021\/09\/kok.jpg\" alt=\"\" class=\"wp-image-1751\" srcset=\"https:\/\/www.backaby.se\/wp-content\/uploads\/2021\/09\/kok.jpg 1000w, https:\/\/www.backaby.se\/wp-content\/uploads\/2021\/09\/kok-300x146.jpg 300w, https:\/\/www.backaby.se\/wp-content\/uploads\/2021\/09\/kok-768x373.jpg 768w, https:\/\/www.backaby.se\/wp-content\/uploads\/2021\/09\/kok-500x243.jpg 500w\" sizes=\"auto, (max-width: 1000px) 100vw, 1000px\" \/><\/a><figcaption class=\"wp-element-caption\">Det finns ett modernt och fullutrustad k\u00f6k med kyl och frys.<\/figcaption><\/figure>\n\n\n\n<figure class=\"wp-block-image size-full\"><a href=\"http:\/\/www.backaby.se\/wp-content\/uploads\/2021\/09\/sovrumlitet.jpg\"><img loading=\"lazy\" decoding=\"async\" width=\"1000\" height=\"486\" src=\"http:\/\/www.backaby.se\/wp-content\/uploads\/2021\/09\/sovrumlitet.jpg\" alt=\"\" class=\"wp-image-1757\" srcset=\"https:\/\/www.backaby.se\/wp-content\/uploads\/2021\/09\/sovrumlitet.jpg 1000w, https:\/\/www.backaby.se\/wp-content\/uploads\/2021\/09\/sovrumlitet-300x146.jpg 300w, https:\/\/www.backaby.se\/wp-content\/uploads\/2021\/09\/sovrumlitet-768x373.jpg 768w, https:\/\/www.backaby.se\/wp-content\/uploads\/2021\/09\/sovrumlitet-500x243.jpg 500w\" sizes=\"auto, (max-width: 1000px) 100vw, 1000px\" \/><\/a><figcaption class=\"wp-element-caption\">Det finns  tv\u00e5 typer av sovrum dels dessa med en v\u00e5ningss\u00e4ng och en enkels\u00e4ng.<\/figcaption><\/figure>\n\n\n\n<div class=\"wp-block-columns is-layout-flex wp-container-core-columns-is-layout-28f84493 wp-block-columns-is-layout-flex\">\n<div class=\"wp-block-column is-layout-flow wp-block-column-is-layout-flow\">\n<figure class=\"wp-block-image size-full\"><a href=\"http:\/\/www.backaby.se\/wp-content\/uploads\/2021\/09\/korridor.jpg\"><img loading=\"lazy\" decoding=\"async\" width=\"1000\" height=\"486\" src=\"http:\/\/www.backaby.se\/wp-content\/uploads\/2021\/09\/korridor.jpg\" alt=\"\" class=\"wp-image-1752\" srcset=\"https:\/\/www.backaby.se\/wp-content\/uploads\/2021\/09\/korridor.jpg 1000w, https:\/\/www.backaby.se\/wp-content\/uploads\/2021\/09\/korridor-300x146.jpg 300w, https:\/\/www.backaby.se\/wp-content\/uploads\/2021\/09\/korridor-768x373.jpg 768w, https:\/\/www.backaby.se\/wp-content\/uploads\/2021\/09\/korridor-500x243.jpg 500w\" sizes=\"auto, (max-width: 1000px) 100vw, 1000px\" \/><\/a><figcaption class=\"wp-element-caption\">Rummen ligger i fil och alla rum vetter mot v\u00e4gen.<\/figcaption><\/figure>\n<\/div>\n<\/div>\n","protected":false},"excerpt":{"rendered":"<p>Mitt i B\u00e4ckaby finns Plymska Huset. H\u00e4r kan du \u00f6vernatta, f\u00f6rl\u00e4gga l\u00e4ger, retreater mm. Priser\u00d6vernattning, 300 kr per vuxen och [&hellip;]<\/p>\n","protected":false},"author":7,"featured_media":1756,"parent":0,"menu_order":0,"comment_status":"closed","ping_status":"closed","template":"","meta":{"site-sidebar-layout":"default","site-content-layout":"","ast-site-content-layout":"","site-content-style":"default","site-sidebar-style":"default","ast-global-header-display":"","ast-banner-title-visibility":"","ast-main-header-display":"","ast-hfb-above-header-display":"","ast-hfb-below-header-display":"","ast-hfb-mobile-header-display":"","site-post-title":"","ast-breadcrumbs-content":"","ast-featured-img":"","footer-sml-layout":"","theme-transparent-header-meta":"","adv-header-id-meta":"","stick-header-meta":"","header-above-stick-meta":"","header-main-stick-meta":"","header-below-stick-meta":"","astra-migrate-meta-layouts":"default","ast-page-background-enabled":"default","ast-page-background-meta":{"desktop":{"background-color":"var(--ast-global-color-4)","background-image":"","background-repeat":"repeat","background-position":"center center","background-size":"auto","background-attachment":"scroll","background-type":"","background-media":"","overlay-type":"","overlay-color":"","overlay-opacity":"","overlay-gradient":""},"tablet":{"background-color":"","background-image":"","background-repeat":"repeat","background-position":"center center","background-size":"auto","background-attachment":"scroll","background-type":"","background-media":"","overlay-type":"","overlay-color":"","overlay-opacity":"","overlay-gradient":""},"mobile":{"background-color":"","background-image":"","background-repeat":"repeat","background-position":"center center","background-size":"auto","background-attachment":"scroll","background-type":"","background-media":"","overlay-type":"","overlay-color":"","overlay-opacity":"","overlay-gradient":""}},"ast-content-background-meta":{"desktop":{"background-color":"var(--ast-global-color-5)","background-image":"","background-repeat":"repeat","background-position":"center center","background-size":"auto","background-attachment":"scroll","background-type":"","background-media":"","overlay-type":"","overlay-color":"","overlay-opacity":"","overlay-gradient":""},"tablet":{"background-color":"var(--ast-global-color-5)","background-image":"","background-repeat":"repeat","background-position":"center center","background-size":"auto","background-attachment":"scroll","background-type":"","background-media":"","overlay-type":"","overlay-color":"","overlay-opacity":"","overlay-gradient":""},"mobile":{"background-color":"var(--ast-global-color-5)","background-image":"","background-repeat":"repeat","background-position":"center center","background-size":"auto","background-attachment":"scroll","background-type":"","background-media":"","overlay-type":"","overlay-color":"","overlay-opacity":"","overlay-gradient":""}},"footnotes":""},"class_list":["post-1764","page","type-page","status-publish","has-post-thumbnail","hentry"],"_links":{"self":[{"href":"https:\/\/www.backaby.se\/index.php?rest_route=\/wp\/v2\/pages\/1764","targetHints":{"allow":["GET"]}}],"collection":[{"href":"https:\/\/www.backaby.se\/index.php?rest_route=\/wp\/v2\/pages"}],"about":[{"href":"https:\/\/www.backaby.se\/index.php?rest_route=\/wp\/v2\/types\/page"}],"author":[{"embeddable":true,"href":"https:\/\/www.backaby.se\/index.php?rest_route=\/wp\/v2\/users\/7"}],"replies":[{"embeddable":true,"href":"https:\/\/www.backaby.se\/index.php?rest_route=%2Fwp%2Fv2%2Fcomments&post=1764"}],"version-history":[{"count":23,"href":"https:\/\/www.backaby.se\/index.php?rest_route=\/wp\/v2\/pages\/1764\/revisions"}],"predecessor-version":[{"id":2377,"href":"https:\/\/www.backaby.se\/index.php?rest_route=\/wp\/v2\/pages\/1764\/revisions\/2377"}],"wp:featuredmedia":[{"embeddable":true,"href":"https:\/\/www.backaby.se\/index.php?rest_route=\/wp\/v2\/media\/1756"}],"wp:attachment":[{"href":"https:\/\/www.backaby.se\/index.php?rest_route=%2Fwp%2Fv2%2Fmedia&parent=1764"}],"curies":[{"name":"wp","href":"https:\/\/api.w.org\/{rel}","templated":true}]}}