{"id":21,"date":"2010-03-29T11:09:27","date_gmt":"2010-03-29T11:09:27","guid":{"rendered":"http:\/\/www.tdf.se\/backabywp\/?page_id=21"},"modified":"2024-02-13T15:45:16","modified_gmt":"2024-02-13T14:45:16","slug":"lagergard","status":"publish","type":"page","link":"https:\/\/www.backaby.se\/?page_id=21","title":{"rendered":"Vandrarhem"},"content":{"rendered":"\n<figure class=\"wp-block-image size-full\"><a href=\"http:\/\/www.backaby.se\/wp-content\/uploads\/2021\/09\/skyltliten2.jpg\"><img loading=\"lazy\" decoding=\"async\" width=\"428\" height=\"210\" src=\"http:\/\/www.backaby.se\/wp-content\/uploads\/2021\/09\/skyltliten2.jpg\" alt=\"\" class=\"wp-image-1756\" srcset=\"https:\/\/www.backaby.se\/wp-content\/uploads\/2021\/09\/skyltliten2.jpg 428w, https:\/\/www.backaby.se\/wp-content\/uploads\/2021\/09\/skyltliten2-300x147.jpg 300w\" sizes=\"auto, (max-width: 428px) 100vw, 428px\" \/><\/a><\/figure>\n\n\n\n<div class=\"wp-block-columns is-layout-flex wp-container-core-columns-is-layout-28f84493 wp-block-columns-is-layout-flex\">\n<div class=\"wp-block-column is-layout-flow wp-block-column-is-layout-flow\" style=\"flex-basis:100%\">\n<p class=\"has-text-align-left\">Mitt i B\u00e4ckaby finns Plymska Huset. H\u00e4r kan du \u00f6vernatta, f\u00f6rl\u00e4gga l\u00e4ger, retreater mm. Lokalerna kan hyras f\u00f6r del av dygn.<a href=\"http:\/\/www.backaby.se\/wp-content\/uploads\/2021\/09\/entre.jpg\"><img loading=\"lazy\" decoding=\"async\" class=\"alignnone size-medium wp-image-1750\" src=\"http:\/\/www.backaby.se\/wp-content\/uploads\/2021\/09\/entre-300x146.jpg\" alt=\"\" width=\"300\" height=\"146\" srcset=\"https:\/\/www.backaby.se\/wp-content\/uploads\/2021\/09\/entre-300x146.jpg 300w, https:\/\/www.backaby.se\/wp-content\/uploads\/2021\/09\/entre-768x373.jpg 768w, https:\/\/www.backaby.se\/wp-content\/uploads\/2021\/09\/entre-500x243.jpg 500w, https:\/\/www.backaby.se\/wp-content\/uploads\/2021\/09\/entre.jpg 1000w\" sizes=\"auto, (max-width: 300px) 100vw, 300px\" \/><\/a><\/p>\n<\/div>\n<\/div>\n\n\n\n<p>Vid entren m\u00f6ts av en nyckelg\u00f6mma<a href=\"http:\/\/www.backaby.se\/wp-content\/uploads\/2021\/09\/Nyckelgomma.jpg\"><img loading=\"lazy\" decoding=\"async\" class=\"alignnone size-medium wp-image-1754\" src=\"http:\/\/www.backaby.se\/wp-content\/uploads\/2021\/09\/Nyckelgomma-300x146.jpg\" alt=\"\" width=\"300\" height=\"146\" srcset=\"https:\/\/www.backaby.se\/wp-content\/uploads\/2021\/09\/Nyckelgomma-300x146.jpg 300w, https:\/\/www.backaby.se\/wp-content\/uploads\/2021\/09\/Nyckelgomma-768x373.jpg 768w, https:\/\/www.backaby.se\/wp-content\/uploads\/2021\/09\/Nyckelgomma-500x243.jpg 500w, https:\/\/www.backaby.se\/wp-content\/uploads\/2021\/09\/Nyckelgomma.jpg 1000w\" sizes=\"auto, (max-width: 300px) 100vw, 300px\" \/><\/a>, koden f\u00e5r du n\u00e4r du har bokat.<\/p>\n\n\n\n<p><a href=\"http:\/\/www.backaby.se\/wp-content\/uploads\/2021\/09\/sovrumlitet.jpg\"><img loading=\"lazy\" decoding=\"async\" width=\"300\" height=\"146\" class=\"alignnone size-medium wp-image-1757\" src=\"http:\/\/www.backaby.se\/wp-content\/uploads\/2021\/09\/sovrumlitet-300x146.jpg\" alt=\"\" srcset=\"https:\/\/www.backaby.se\/wp-content\/uploads\/2021\/09\/sovrumlitet-300x146.jpg 300w, https:\/\/www.backaby.se\/wp-content\/uploads\/2021\/09\/sovrumlitet-768x373.jpg 768w, https:\/\/www.backaby.se\/wp-content\/uploads\/2021\/09\/sovrumlitet-500x243.jpg 500w, https:\/\/www.backaby.se\/wp-content\/uploads\/2021\/09\/sovrumlitet.jpg 1000w\" sizes=\"auto, (max-width: 300px) 100vw, 300px\" \/><\/a> <a href=\"http:\/\/www.backaby.se\/wp-content\/uploads\/2021\/09\/sovrumstort.jpg\"><img loading=\"lazy\" decoding=\"async\" width=\"300\" height=\"146\" class=\"alignnone size-medium wp-image-1758\" src=\"http:\/\/www.backaby.se\/wp-content\/uploads\/2021\/09\/sovrumstort-300x146.jpg\" alt=\"\" srcset=\"https:\/\/www.backaby.se\/wp-content\/uploads\/2021\/09\/sovrumstort-300x146.jpg 300w, https:\/\/www.backaby.se\/wp-content\/uploads\/2021\/09\/sovrumstort-768x373.jpg 768w, https:\/\/www.backaby.se\/wp-content\/uploads\/2021\/09\/sovrumstort-500x243.jpg 500w, https:\/\/www.backaby.se\/wp-content\/uploads\/2021\/09\/sovrumstort.jpg 1000w\" sizes=\"auto, (max-width: 300px) 100vw, 300px\" \/><\/a>H\u00e4r finns f\u00f6r 9 b\u00e4ddar i 5 rum. <\/p>\n\n\n\n<p>H\u00e4r finns tillg\u00e5ng till ett v\u00e4lutrustat k\u00f6k f\u00f6r sj\u00e4lvhush\u00e5ll. <a href=\"http:\/\/www.backaby.se\/wp-content\/uploads\/2021\/09\/kok.jpg\"><img loading=\"lazy\" decoding=\"async\" class=\"alignnone size-medium wp-image-1751\" src=\"http:\/\/www.backaby.se\/wp-content\/uploads\/2021\/09\/kok-300x146.jpg\" alt=\"\" width=\"300\" height=\"146\" srcset=\"https:\/\/www.backaby.se\/wp-content\/uploads\/2021\/09\/kok-300x146.jpg 300w, https:\/\/www.backaby.se\/wp-content\/uploads\/2021\/09\/kok-768x373.jpg 768w, https:\/\/www.backaby.se\/wp-content\/uploads\/2021\/09\/kok-500x243.jpg 500w, https:\/\/www.backaby.se\/wp-content\/uploads\/2021\/09\/kok.jpg 1000w\" sizes=\"auto, (max-width: 300px) 100vw, 300px\" \/><\/a><\/p>\n\n\n\n<p>Det finns samlingssal med TV.<a href=\"http:\/\/www.backaby.se\/wp-content\/uploads\/2021\/09\/matsal.jpg\"><img loading=\"lazy\" decoding=\"async\" class=\"alignnone size-medium wp-image-1753\" src=\"http:\/\/www.backaby.se\/wp-content\/uploads\/2021\/09\/matsal-300x146.jpg\" alt=\"\" width=\"300\" height=\"146\" srcset=\"https:\/\/www.backaby.se\/wp-content\/uploads\/2021\/09\/matsal-300x146.jpg 300w, https:\/\/www.backaby.se\/wp-content\/uploads\/2021\/09\/matsal-768x373.jpg 768w, https:\/\/www.backaby.se\/wp-content\/uploads\/2021\/09\/matsal-500x243.jpg 500w, https:\/\/www.backaby.se\/wp-content\/uploads\/2021\/09\/matsal.jpg 1000w\" sizes=\"auto, (max-width: 300px) 100vw, 300px\" \/><\/a><\/p>\n\n\n\n<figure class=\"wp-block-image\"><a href=\"http:\/\/www.backaby.se\/wp-content\/uploads\/2021\/09\/tvcorner-1.jpg\"><img loading=\"lazy\" decoding=\"async\" width=\"300\" height=\"146\" src=\"http:\/\/www.backaby.se\/wp-content\/uploads\/2021\/09\/tvcorner-1-300x146.jpg\" alt=\"\" class=\"wp-image-1762\" srcset=\"https:\/\/www.backaby.se\/wp-content\/uploads\/2021\/09\/tvcorner-1-300x146.jpg 300w, https:\/\/www.backaby.se\/wp-content\/uploads\/2021\/09\/tvcorner-1-768x373.jpg 768w, https:\/\/www.backaby.se\/wp-content\/uploads\/2021\/09\/tvcorner-1-500x243.jpg 500w, https:\/\/www.backaby.se\/wp-content\/uploads\/2021\/09\/tvcorner-1.jpg 1000w\" sizes=\"auto, (max-width: 300px) 100vw, 300px\" \/><\/a><\/figure>\n\n\n\n<p>Gym. finns i B\u00e4ckabyg\u00e5rden. Badplats finns i bl a Ramkvilla 8 km, Nabben 3 km eller Paddingetorp 5 km. Fiskem\u00f6jligheter finns i flera sj\u00f6ar vid k\u00f6p av fiskekort.<\/p>\n\n\n\n<p>\u00d6vernattning, 300 kr per person och natt.<br>Hyra av lakan 150 kr\/set. Sovs\u00e4ck f\u00e5r ej anv\u00e4ndas.<\/p>\n\n\n\n<p>Hyra med ensamr\u00e4tt till hela huset, 2500:- f\u00f6rsta dygnet och 2000:- efterf\u00f6ljande dygn, st\u00e4dning kan utf\u00f6ras genom sockenr\u00e5det, som best\u00e4lles vid bokningen, Pris 1500 kr.<\/p>\n\n\n\n<p>Hyra f\u00f6r del av dag:<br>N\u00e4r det g\u00e4ller uthyrning f\u00f6r m\u00f6ten och sammankomster h\u00e4nvisar vi till sidan f\u00f6r <a href=\"http:\/\/www.backaby.se\/?page_id=73\">B\u00e4ckabyg\u00e5rden<\/a>.<\/p>\n\n\n\n<p>F\u00f6r bokning och ytterligare upplysningar<br>kontakta hembygdsf\u00f6reningen p\u00e5 backaby.hembygd@gmail.com<\/p>\n\n\n\n<p><\/p>\n","protected":false},"excerpt":{"rendered":"<p>Mitt i B\u00e4ckaby finns Plymska Huset. H\u00e4r kan du \u00f6vernatta, f\u00f6rl\u00e4gga l\u00e4ger, retreater mm. Lokalerna kan hyras f\u00f6r del av [&hellip;]<\/p>\n","protected":false},"author":1,"featured_media":0,"parent":13,"menu_order":3,"comment_status":"closed","ping_status":"open","template":"","meta":{"site-sidebar-layout":"default","site-content-layout":"","ast-site-content-layout":"","site-content-style":"default","site-sidebar-style":"default","ast-global-header-display":"","ast-banner-title-visibility":"","ast-main-header-display":"","ast-hfb-above-header-display":"","ast-hfb-below-header-display":"","ast-hfb-mobile-header-display":"","site-post-title":"","ast-breadcrumbs-content":"","ast-featured-img":"","footer-sml-layout":"","theme-transparent-header-meta":"","adv-header-id-meta":"","stick-header-meta":"","header-above-stick-meta":"","header-main-stick-meta":"","header-below-stick-meta":"","astra-migrate-meta-layouts":"default","ast-page-background-enabled":"default","ast-page-background-meta":{"desktop":{"background-color":"var(--ast-global-color-4)","background-image":"","background-repeat":"repeat","background-position":"center center","background-size":"auto","background-attachment":"scroll","background-type":"","background-media":"","overlay-type":"","overlay-color":"","overlay-opacity":"","overlay-gradient":""},"tablet":{"background-color":"","background-image":"","background-repeat":"repeat","background-position":"center center","background-size":"auto","background-attachment":"scroll","background-type":"","background-media":"","overlay-type":"","overlay-color":"","overlay-opacity":"","overlay-gradient":""},"mobile":{"background-color":"","background-image":"","background-repeat":"repeat","background-position":"center center","background-size":"auto","background-attachment":"scroll","background-type":"","background-media":"","overlay-type":"","overlay-color":"","overlay-opacity":"","overlay-gradient":""}},"ast-content-background-meta":{"desktop":{"background-color":"var(--ast-global-color-5)","background-image":"","background-repeat":"repeat","background-position":"center center","background-size":"auto","background-attachment":"scroll","background-type":"","background-media":"","overlay-type":"","overlay-color":"","overlay-opacity":"","overlay-gradient":""},"tablet":{"background-color":"var(--ast-global-color-5)","background-image":"","background-repeat":"repeat","background-position":"center center","background-size":"auto","background-attachment":"scroll","background-type":"","background-media":"","overlay-type":"","overlay-color":"","overlay-opacity":"","overlay-gradient":""},"mobile":{"background-color":"var(--ast-global-color-5)","background-image":"","background-repeat":"repeat","background-position":"center center","background-size":"auto","background-attachment":"scroll","background-type":"","background-media":"","overlay-type":"","overlay-color":"","overlay-opacity":"","overlay-gradient":""}},"footnotes":""},"class_list":["post-21","page","type-page","status-publish","hentry"],"_links":{"self":[{"href":"https:\/\/www.backaby.se\/index.php?rest_route=\/wp\/v2\/pages\/21","targetHints":{"allow":["GET"]}}],"collection":[{"href":"https:\/\/www.backaby.se\/index.php?rest_route=\/wp\/v2\/pages"}],"about":[{"href":"https:\/\/www.backaby.se\/index.php?rest_route=\/wp\/v2\/types\/page"}],"author":[{"embeddable":true,"href":"https:\/\/www.backaby.se\/index.php?rest_route=\/wp\/v2\/users\/1"}],"replies":[{"embeddable":true,"href":"https:\/\/www.backaby.se\/index.php?rest_route=%2Fwp%2Fv2%2Fcomments&post=21"}],"version-history":[{"count":24,"href":"https:\/\/www.backaby.se\/index.php?rest_route=\/wp\/v2\/pages\/21\/revisions"}],"predecessor-version":[{"id":2123,"href":"https:\/\/www.backaby.se\/index.php?rest_route=\/wp\/v2\/pages\/21\/revisions\/2123"}],"up":[{"embeddable":true,"href":"https:\/\/www.backaby.se\/index.php?rest_route=\/wp\/v2\/pages\/13"}],"wp:attachment":[{"href":"https:\/\/www.backaby.se\/index.php?rest_route=%2Fwp%2Fv2%2Fmedia&parent=21"}],"curies":[{"name":"wp","href":"https:\/\/api.w.org\/{rel}","templated":true}]}}