{"id":215,"date":"2014-05-28T19:06:27","date_gmt":"2014-05-28T17:06:27","guid":{"rendered":"http:\/\/www.backaby.nu\/?page_id=215"},"modified":"2026-03-31T11:09:36","modified_gmt":"2026-03-31T09:09:36","slug":"sommarcafe","status":"publish","type":"page","link":"https:\/\/www.backaby.se\/?page_id=215","title":{"rendered":"Sommarservering i B\u00e4ckabyg\u00e5rden"},"content":{"rendered":"<p>I \u00e5r (2026) har serveringen \u00f6ppet 13 juni till 17 augusti onsdag-s\u00f6ndag 14-20 hela sommaren. Vecka 27-32 \u00e4r det \u00e4ven \u00f6ppet m\u00e5ndagar! Mejla sommarfiket@backaby.se f\u00f6r att komma i kontakt med ansvariga.<\/p>\n<p>Hos oss hittar du:<\/p>\n<ul>\n<li>Kaf\u00e9 med hembakat br\u00f6d<\/li>\n<li>Glass<\/li>\n<li>Ostfrallor, Skinkfrallor, K\u00f6ttbullsmackor och Ansjovis &#8211; \u00e4ggmacka<\/li>\n<li>Toast skinka\/ost.<\/li>\n<li>V\u00e5fflor p\u00e5 l\u00f6rdagar och s\u00f6ndagar.<\/li>\n<li>Hantverk fr\u00e5n bygden bl.a. annat smycken och hemv\u00e4vt.<\/li>\n<li>Minigolf<\/li>\n<li>Boulebana<br \/>\n<strong>Sommarcaf\u00e9et erbjuder genom B-net alla g\u00e4ster tr\u00e5dl\u00f6s bredbanduppkoppling!<\/strong><\/li>\n<\/ul>\n<p>V\u00e4lkomna<\/p>\n<p><a href=\"http:\/\/www.backaby.se\/wp-content\/uploads\/2010\/05\/kakor-liten.jpg\"><img loading=\"lazy\" decoding=\"async\" src=\"http:\/\/www.backaby.se\/wp-content\/uploads\/2010\/05\/kakor-liten-300x180.jpg\" alt=\"kakor liten\" width=\"300\" height=\"180\" \/><\/a><\/p>\n<p><a href=\"http:\/\/www.backaby.se\/wp-content\/uploads\/2010\/05\/Smyckesbord-liten.jpg\"><img loading=\"lazy\" decoding=\"async\" class=\"alignnone size-medium wp-image-743\" src=\"http:\/\/www.backaby.se\/wp-content\/uploads\/2010\/05\/Smyckesbord-liten-300x180.jpg\" alt=\"Smyckesbord liten\" width=\"300\" height=\"180\" srcset=\"https:\/\/www.backaby.se\/wp-content\/uploads\/2010\/05\/Smyckesbord-liten-300x180.jpg 300w, https:\/\/www.backaby.se\/wp-content\/uploads\/2010\/05\/Smyckesbord-liten-498x300.jpg 498w, https:\/\/www.backaby.se\/wp-content\/uploads\/2010\/05\/Smyckesbord-liten.jpg 500w\" sizes=\"auto, (max-width: 300px) 100vw, 300px\" \/><\/a> <a href=\"http:\/\/www.backaby.se\/wp-content\/uploads\/2010\/05\/Stickat-liten.jpg\"><img loading=\"lazy\" decoding=\"async\" class=\"alignnone size-medium wp-image-744\" src=\"http:\/\/www.backaby.se\/wp-content\/uploads\/2010\/05\/Stickat-liten-300x180.jpg\" alt=\"Stickat liten\" width=\"300\" height=\"180\" srcset=\"https:\/\/www.backaby.se\/wp-content\/uploads\/2010\/05\/Stickat-liten-300x180.jpg 300w, https:\/\/www.backaby.se\/wp-content\/uploads\/2010\/05\/Stickat-liten-498x300.jpg 498w, https:\/\/www.backaby.se\/wp-content\/uploads\/2010\/05\/Stickat-liten.jpg 500w\" sizes=\"auto, (max-width: 300px) 100vw, 300px\" \/><\/a> <a href=\"http:\/\/www.backaby.se\/wp-content\/uploads\/2010\/05\/Smycken-liten.jpg\"><img loading=\"lazy\" decoding=\"async\" class=\"alignnone size-medium wp-image-742\" src=\"http:\/\/www.backaby.se\/wp-content\/uploads\/2010\/05\/Smycken-liten-300x180.jpg\" alt=\"Smycken liten\" width=\"300\" height=\"180\" srcset=\"https:\/\/www.backaby.se\/wp-content\/uploads\/2010\/05\/Smycken-liten-300x180.jpg 300w, https:\/\/www.backaby.se\/wp-content\/uploads\/2010\/05\/Smycken-liten-498x300.jpg 498w, https:\/\/www.backaby.se\/wp-content\/uploads\/2010\/05\/Smycken-liten.jpg 500w\" sizes=\"auto, (max-width: 300px) 100vw, 300px\" \/><\/a><\/p>\n","protected":false},"excerpt":{"rendered":"<p>I \u00e5r (2026) har serveringen \u00f6ppet 13 juni till 17 augusti onsdag-s\u00f6ndag 14-20 hela sommaren. Vecka 27-32 \u00e4r det \u00e4ven [&hellip;]<\/p>\n","protected":false},"author":1,"featured_media":0,"parent":0,"menu_order":3,"comment_status":"closed","ping_status":"open","template":"","meta":{"site-sidebar-layout":"default","site-content-layout":"","ast-site-content-layout":"","site-content-style":"default","site-sidebar-style":"default","ast-global-header-display":"","ast-banner-title-visibility":"","ast-main-header-display":"","ast-hfb-above-header-display":"","ast-hfb-below-header-display":"","ast-hfb-mobile-header-display":"","site-post-title":"","ast-breadcrumbs-content":"","ast-featured-img":"","footer-sml-layout":"","theme-transparent-header-meta":"","adv-header-id-meta":"","stick-header-meta":"","header-above-stick-meta":"","header-main-stick-meta":"","header-below-stick-meta":"","astra-migrate-meta-layouts":"default","ast-page-background-enabled":"default","ast-page-background-meta":{"desktop":{"background-color":"var(--ast-global-color-4)","background-image":"","background-repeat":"repeat","background-position":"center center","background-size":"auto","background-attachment":"scroll","background-type":"","background-media":"","overlay-type":"","overlay-color":"","overlay-opacity":"","overlay-gradient":""},"tablet":{"background-color":"","background-image":"","background-repeat":"repeat","background-position":"center center","background-size":"auto","background-attachment":"scroll","background-type":"","background-media":"","overlay-type":"","overlay-color":"","overlay-opacity":"","overlay-gradient":""},"mobile":{"background-color":"","background-image":"","background-repeat":"repeat","background-position":"center center","background-size":"auto","background-attachment":"scroll","background-type":"","background-media":"","overlay-type":"","overlay-color":"","overlay-opacity":"","overlay-gradient":""}},"ast-content-background-meta":{"desktop":{"background-color":"var(--ast-global-color-5)","background-image":"","background-repeat":"repeat","background-position":"center center","background-size":"auto","background-attachment":"scroll","background-type":"","background-media":"","overlay-type":"","overlay-color":"","overlay-opacity":"","overlay-gradient":""},"tablet":{"background-color":"var(--ast-global-color-5)","background-image":"","background-repeat":"repeat","background-position":"center center","background-size":"auto","background-attachment":"scroll","background-type":"","background-media":"","overlay-type":"","overlay-color":"","overlay-opacity":"","overlay-gradient":""},"mobile":{"background-color":"var(--ast-global-color-5)","background-image":"","background-repeat":"repeat","background-position":"center center","background-size":"auto","background-attachment":"scroll","background-type":"","background-media":"","overlay-type":"","overlay-color":"","overlay-opacity":"","overlay-gradient":""}},"footnotes":""},"class_list":["post-215","page","type-page","status-publish","hentry"],"_links":{"self":[{"href":"https:\/\/www.backaby.se\/index.php?rest_route=\/wp\/v2\/pages\/215","targetHints":{"allow":["GET"]}}],"collection":[{"href":"https:\/\/www.backaby.se\/index.php?rest_route=\/wp\/v2\/pages"}],"about":[{"href":"https:\/\/www.backaby.se\/index.php?rest_route=\/wp\/v2\/types\/page"}],"author":[{"embeddable":true,"href":"https:\/\/www.backaby.se\/index.php?rest_route=\/wp\/v2\/users\/1"}],"replies":[{"embeddable":true,"href":"https:\/\/www.backaby.se\/index.php?rest_route=%2Fwp%2Fv2%2Fcomments&post=215"}],"version-history":[{"count":47,"href":"https:\/\/www.backaby.se\/index.php?rest_route=\/wp\/v2\/pages\/215\/revisions"}],"predecessor-version":[{"id":2512,"href":"https:\/\/www.backaby.se\/index.php?rest_route=\/wp\/v2\/pages\/215\/revisions\/2512"}],"wp:attachment":[{"href":"https:\/\/www.backaby.se\/index.php?rest_route=%2Fwp%2Fv2%2Fmedia&parent=215"}],"curies":[{"name":"wp","href":"https:\/\/api.w.org\/{rel}","templated":true}]}}