{"id":2309,"date":"2025-03-14T10:18:42","date_gmt":"2025-03-14T09:18:42","guid":{"rendered":"https:\/\/www.backaby.se\/?page_id=2309"},"modified":"2025-03-14T10:23:22","modified_gmt":"2025-03-14T09:23:22","slug":"startsida","status":"publish","type":"page","link":"https:\/\/www.backaby.se\/","title":{"rendered":"Startsida"},"content":{"rendered":"\n<div class=\"wp-block-cover alignfull is-light has-parallax has-custom-content-position is-position-top-center has-black-color has-text-color has-link-color wp-elements-d8ae1bb710388f47298a0ec33bfcc066 wp-duotone-unset-1\" style=\"min-height:430px;aspect-ratio:unset;aspect-ratio:unset;\"><div class=\"wp-block-cover__image-background wp-image-2227 has-parallax\" style=\"background-position:50% 50%;background-image:url(http:\/\/www.backaby.se\/wp-content\/uploads\/2024\/11\/Backaby.jpg)\"><\/div><span aria-hidden=\"true\" class=\"wp-block-cover__background has-white-background-color has-background-dim-10 has-background-dim\"><\/span><div class=\"wp-block-cover__inner-container is-layout-flow wp-container-core-cover-is-layout-a77db08e wp-block-cover-is-layout-flow\">\n<p class=\"has-text-align-center has-ast-global-color-5-color has-text-color has-link-color has-x-large-font-size wp-elements-9e03cfc0b669f190b706019378e924be\" style=\"border-radius:0px;margin-top:0;margin-bottom:0;padding-top:0;padding-bottom:0;font-style:normal;font-weight:400;text-transform:uppercase\"><strong>V\u00e4lkommen till B\u00e4ckaby<\/strong> <br><\/p>\n<\/div><\/div>\n\n\n\n<h2 class=\"wp-block-heading has-text-align-center\" style=\"margin-top:var(--wp--preset--spacing--40);margin-bottom:var(--wp--preset--spacing--40);padding-top:var(--wp--preset--spacing--20);padding-right:0;padding-bottom:var(--wp--preset--spacing--20);padding-left:0;font-size:29px;font-style:normal;font-weight:400\">Senaste inl\u00e4ggen<\/h2>\n\n\n<ul style=\"font-size:15px; border-radius:0px;border-style:none;border-width:0px; padding-top:var(--wp--preset--spacing--20);padding-bottom:var(--wp--preset--spacing--20);padding-left:0;padding-right:0;margin-right:var(--wp--preset--spacing--20);margin-left:var(--wp--preset--spacing--20);margin-top:var(--wp--preset--spacing--20);margin-bottom:var(--wp--preset--spacing--20);\" class=\"wp-block-latest-posts__list is-grid columns-3 has-dates has-link-color wp-elements-d7880beca4614093f5e6d79261d02766 wp-block-latest-posts has-text-color has-ast-global-color-2-color\"><li><a class=\"wp-block-latest-posts__post-title\" href=\"https:\/\/www.backaby.se\/?p=2508\">Sommarserveringen i B\u00e4ckabyg\u00e5rden 2026<\/a><time datetime=\"2026-03-31T11:04:17+02:00\" class=\"wp-block-latest-posts__post-date\">2026-03-31<\/time><div class=\"wp-block-latest-posts__post-excerpt\">Tiden g\u00e5r for och snart \u00e4r det dags igen f\u00f6r sommarserveringen i B\u00e4ckabyg\u00e5rden. I \u00e5r \u00e4r det \u00f6ppet 13 juni-16 augusti och nytt f\u00f6r i \u00e5r \u00e4r att det \u00e4r\u2026 <a class=\"wp-block-latest-posts__read-more\" href=\"https:\/\/www.backaby.se\/?p=2508\" rel=\"noopener noreferrer\">L\u00e4s mer<span class=\"screen-reader-text\">: Sommarserveringen i B\u00e4ckabyg\u00e5rden 2026<\/span><\/a><\/div><\/li>\n<li><a class=\"wp-block-latest-posts__post-title\" href=\"https:\/\/www.backaby.se\/?p=2502\">Stiftelsen Werner von Seydlitz<\/a><time datetime=\"2026-03-20T10:51:03+01:00\" class=\"wp-block-latest-posts__post-date\">2026-03-20<\/time><div class=\"wp-block-latest-posts__post-excerpt\">Vi \u00e4r v\u00e4ldigt glada och tacksamma att vi nu kan meddela att vi kan p\u00e5b\u00f6rja arbetet med att renovera och underh\u00e5lla B\u00e4ckabyg\u00e5rden ytterligare och att vi kommer att byta f\u00f6nster\u2026 <a class=\"wp-block-latest-posts__read-more\" href=\"https:\/\/www.backaby.se\/?p=2502\" rel=\"noopener noreferrer\">L\u00e4s mer<span class=\"screen-reader-text\">: Stiftelsen Werner von Seydlitz<\/span><\/a><\/div><\/li>\n<li><a class=\"wp-block-latest-posts__post-title\" href=\"https:\/\/www.backaby.se\/?p=2494\">Tack till Naturskyddsf\u00f6reningen<\/a><time datetime=\"2026-03-12T11:00:50+01:00\" class=\"wp-block-latest-posts__post-date\">2026-03-12<\/time><div class=\"wp-block-latest-posts__post-excerpt\">Vi har i dagarna f\u00e5tt besked fr\u00e5n Naturskyddsf\u00f6reningen att \u00e4ven de st\u00f6ttar v\u00e5rt projekt med investering i ny bergv\u00e4rmepump. St\u00f6det fr\u00e5n Naturskyddsf\u00f6reningen \u00e4r ett kontantbidrag p\u00e5 40 800 Byte kommer\u2026 <a class=\"wp-block-latest-posts__read-more\" href=\"https:\/\/www.backaby.se\/?p=2494\" rel=\"noopener noreferrer\">L\u00e4s mer<span class=\"screen-reader-text\">: Tack till Naturskyddsf\u00f6reningen<\/span><\/a><\/div><\/li>\n<li><a class=\"wp-block-latest-posts__post-title\" href=\"https:\/\/www.backaby.se\/?p=2470\">M\u00f6tesplats B\u00e4ckaby v\u00e5ren 26<\/a><time datetime=\"2026-02-19T13:32:26+01:00\" class=\"wp-block-latest-posts__post-date\">2026-02-19<\/time><div class=\"wp-block-latest-posts__post-excerpt\">H\u00e4r nedanf\u00f6r hittar du programmet f\u00f6r M\u00f6tesplats B\u00e4ckaby under v\u00e5ren 2026. V\u00e4l m\u00f6tt! M\u00f6tesplats B\u00e4ckaby\u00a0i B\u00e4ckabyg\u00e5rden &nbsp;vt 2026 kl.15.00&nbsp; Torsdag&nbsp; 12 feb&nbsp;&nbsp; Musik fr\u00e5n \u00c5sa-Nisse filmerna med Bernt Thuresson fr\u00e5n\u2026 <a class=\"wp-block-latest-posts__read-more\" href=\"https:\/\/www.backaby.se\/?p=2470\" rel=\"noopener noreferrer\">L\u00e4s mer<span class=\"screen-reader-text\">: M\u00f6tesplats B\u00e4ckaby v\u00e5ren 26<\/span><\/a><\/div><\/li>\n<li><a class=\"wp-block-latest-posts__post-title\" href=\"https:\/\/www.backaby.se\/?p=2490\">Tack till Swedbank genom Sparbanksstiftelsen Alfa.<\/a><time datetime=\"2026-02-09T09:17:04+01:00\" class=\"wp-block-latest-posts__post-date\">2026-02-09<\/time><div class=\"wp-block-latest-posts__post-excerpt\">V\u00e4rmeanl\u00e4ggningen i B\u00e4ckabyg\u00e5rden beh\u00f6ver bytas ut pga \u00e5lder och funktion. Det \u00e4r en stor investering f\u00f6r f\u00f6reningen men tack vare ett v\u00e4lkommet st\u00f6d fr\u00e5n Swedbank genom Sparbanksstiftelsen Alfa p\u00e5 30\u2026 <a class=\"wp-block-latest-posts__read-more\" href=\"https:\/\/www.backaby.se\/?p=2490\" rel=\"noopener noreferrer\">L\u00e4s mer<span class=\"screen-reader-text\">: Tack till Swedbank genom Sparbanksstiftelsen Alfa.<\/span><\/a><\/div><\/li>\n<\/ul>","protected":false},"excerpt":{"rendered":"<p>Senaste inl\u00e4ggen<\/p>\n","protected":false},"author":11,"featured_media":0,"parent":0,"menu_order":0,"comment_status":"closed","ping_status":"closed","template":"","meta":{"site-sidebar-layout":"default","site-content-layout":"","ast-site-content-layout":"default","site-content-style":"default","site-sidebar-style":"boxed","ast-global-header-display":"","ast-banner-title-visibility":"","ast-main-header-display":"","ast-hfb-above-header-display":"","ast-hfb-below-header-display":"","ast-hfb-mobile-header-display":"","site-post-title":"disabled","ast-breadcrumbs-content":"","ast-featured-img":"","footer-sml-layout":"disabled","theme-transparent-header-meta":"default","adv-header-id-meta":"","stick-header-meta":"","header-above-stick-meta":"","header-main-stick-meta":"","header-below-stick-meta":"","astra-migrate-meta-layouts":"default","ast-page-background-enabled":"default","ast-page-background-meta":{"desktop":{"background-color":"var(--ast-global-color-4)","background-image":"","background-repeat":"repeat","background-position":"center center","background-size":"auto","background-attachment":"scroll","background-type":"","background-media":"","overlay-type":"","overlay-color":"","overlay-opacity":"","overlay-gradient":""},"tablet":{"background-color":"","background-image":"","background-repeat":"repeat","background-position":"center center","background-size":"auto","background-attachment":"scroll","background-type":"","background-media":"","overlay-type":"","overlay-color":"","overlay-opacity":"","overlay-gradient":""},"mobile":{"background-color":"","background-image":"","background-repeat":"repeat","background-position":"center center","background-size":"auto","background-attachment":"scroll","background-type":"","background-media":"","overlay-type":"","overlay-color":"","overlay-opacity":"","overlay-gradient":""}},"ast-content-background-meta":{"desktop":{"background-color":"var(--ast-global-color-5)","background-image":"","background-repeat":"repeat","background-position":"center center","background-size":"auto","background-attachment":"scroll","background-type":"","background-media":"","overlay-type":"","overlay-color":"","overlay-opacity":"","overlay-gradient":""},"tablet":{"background-color":"var(--ast-global-color-5)","background-image":"","background-repeat":"repeat","background-position":"center center","background-size":"auto","background-attachment":"scroll","background-type":"","background-media":"","overlay-type":"","overlay-color":"","overlay-opacity":"","overlay-gradient":""},"mobile":{"background-color":"var(--ast-global-color-5)","background-image":"","background-repeat":"repeat","background-position":"center center","background-size":"auto","background-attachment":"scroll","background-type":"","background-media":"","overlay-type":"","overlay-color":"","overlay-opacity":"","overlay-gradient":""}},"footnotes":""},"class_list":["post-2309","page","type-page","status-publish","hentry"],"_links":{"self":[{"href":"https:\/\/www.backaby.se\/index.php?rest_route=\/wp\/v2\/pages\/2309","targetHints":{"allow":["GET"]}}],"collection":[{"href":"https:\/\/www.backaby.se\/index.php?rest_route=\/wp\/v2\/pages"}],"about":[{"href":"https:\/\/www.backaby.se\/index.php?rest_route=\/wp\/v2\/types\/page"}],"author":[{"embeddable":true,"href":"https:\/\/www.backaby.se\/index.php?rest_route=\/wp\/v2\/users\/11"}],"replies":[{"embeddable":true,"href":"https:\/\/www.backaby.se\/index.php?rest_route=%2Fwp%2Fv2%2Fcomments&post=2309"}],"version-history":[{"count":35,"href":"https:\/\/www.backaby.se\/index.php?rest_route=\/wp\/v2\/pages\/2309\/revisions"}],"predecessor-version":[{"id":2387,"href":"https:\/\/www.backaby.se\/index.php?rest_route=\/wp\/v2\/pages\/2309\/revisions\/2387"}],"wp:attachment":[{"href":"https:\/\/www.backaby.se\/index.php?rest_route=%2Fwp%2Fv2%2Fmedia&parent=2309"}],"curies":[{"name":"wp","href":"https:\/\/api.w.org\/{rel}","templated":true}]}}