{"id":781,"date":"2013-08-13T10:54:25","date_gmt":"2013-08-13T08:54:25","guid":{"rendered":"http:\/\/www.backaby.se\/?page_id=781"},"modified":"2013-08-13T10:54:25","modified_gmt":"2013-08-13T08:54:25","slug":"backaby-lovas-vagsamfallighet","status":"publish","type":"page","link":"https:\/\/www.backaby.se\/?page_id=781","title":{"rendered":"B\u00e4ckaby L\u00f6v\u00e5s V\u00e4gsamf\u00e4llighet"},"content":{"rendered":"<p>H\u00e4r kommer vi att samla dokument och information som r\u00f6r v\u00e5r v\u00e4g. F\u00f6r n\u00e4rvarande s\u00e5 h\u00e5ller vi p\u00e5 med en hyvling, det ser ut s\u00e5 h\u00e4r:<\/p>\n<p><a href=\"http:\/\/www.backaby.se\/wp-content\/uploads\/2013\/08\/20130813_072449.jpg\"><img loading=\"lazy\" decoding=\"async\" class=\"alignnone size-medium wp-image-782\" alt=\"20130813_072449\" src=\"http:\/\/www.backaby.se\/wp-content\/uploads\/2013\/08\/20130813_072449-300x225.jpg\" width=\"300\" height=\"225\" srcset=\"https:\/\/www.backaby.se\/wp-content\/uploads\/2013\/08\/20130813_072449-300x225.jpg 300w, https:\/\/www.backaby.se\/wp-content\/uploads\/2013\/08\/20130813_072449-400x300.jpg 400w, https:\/\/www.backaby.se\/wp-content\/uploads\/2013\/08\/20130813_072449.jpg 640w\" sizes=\"auto, (max-width: 300px) 100vw, 300px\" \/><a href=\"http:\/\/www.backaby.se\/wp-content\/uploads\/2013\/08\/20130813_073300.jpg\"><img loading=\"lazy\" decoding=\"async\" class=\"alignnone size-medium wp-image-783\" alt=\"20130813_073300\" src=\"http:\/\/www.backaby.se\/wp-content\/uploads\/2013\/08\/20130813_073300-300x225.jpg\" width=\"300\" height=\"225\" srcset=\"https:\/\/www.backaby.se\/wp-content\/uploads\/2013\/08\/20130813_073300-300x225.jpg 300w, https:\/\/www.backaby.se\/wp-content\/uploads\/2013\/08\/20130813_073300-400x300.jpg 400w, https:\/\/www.backaby.se\/wp-content\/uploads\/2013\/08\/20130813_073300.jpg 640w\" sizes=\"auto, (max-width: 300px) 100vw, 300px\" \/><\/a><\/a><\/p>\n","protected":false},"excerpt":{"rendered":"<p>H\u00e4r kommer vi att samla dokument och information som r\u00f6r v\u00e5r v\u00e4g. F\u00f6r n\u00e4rvarande s\u00e5 h\u00e5ller vi p\u00e5 med en [&hellip;]<\/p>\n","protected":false},"author":1,"featured_media":0,"parent":778,"menu_order":0,"comment_status":"closed","ping_status":"open","template":"","meta":{"site-sidebar-layout":"default","site-content-layout":"","ast-site-content-layout":"","site-content-style":"default","site-sidebar-style":"default","ast-global-header-display":"","ast-banner-title-visibility":"","ast-main-header-display":"","ast-hfb-above-header-display":"","ast-hfb-below-header-display":"","ast-hfb-mobile-header-display":"","site-post-title":"","ast-breadcrumbs-content":"","ast-featured-img":"","footer-sml-layout":"","theme-transparent-header-meta":"","adv-header-id-meta":"","stick-header-meta":"","header-above-stick-meta":"","header-main-stick-meta":"","header-below-stick-meta":"","astra-migrate-meta-layouts":"default","ast-page-background-enabled":"default","ast-page-background-meta":{"desktop":{"background-color":"var(--ast-global-color-4)","background-image":"","background-repeat":"repeat","background-position":"center center","background-size":"auto","background-attachment":"scroll","background-type":"","background-media":"","overlay-type":"","overlay-color":"","overlay-opacity":"","overlay-gradient":""},"tablet":{"background-color":"","background-image":"","background-repeat":"repeat","background-position":"center center","background-size":"auto","background-attachment":"scroll","background-type":"","background-media":"","overlay-type":"","overlay-color":"","overlay-opacity":"","overlay-gradient":""},"mobile":{"background-color":"","background-image":"","background-repeat":"repeat","background-position":"center center","background-size":"auto","background-attachment":"scroll","background-type":"","background-media":"","overlay-type":"","overlay-color":"","overlay-opacity":"","overlay-gradient":""}},"ast-content-background-meta":{"desktop":{"background-color":"var(--ast-global-color-5)","background-image":"","background-repeat":"repeat","background-position":"center center","background-size":"auto","background-attachment":"scroll","background-type":"","background-media":"","overlay-type":"","overlay-color":"","overlay-opacity":"","overlay-gradient":""},"tablet":{"background-color":"var(--ast-global-color-5)","background-image":"","background-repeat":"repeat","background-position":"center center","background-size":"auto","background-attachment":"scroll","background-type":"","background-media":"","overlay-type":"","overlay-color":"","overlay-opacity":"","overlay-gradient":""},"mobile":{"background-color":"var(--ast-global-color-5)","background-image":"","background-repeat":"repeat","background-position":"center center","background-size":"auto","background-attachment":"scroll","background-type":"","background-media":"","overlay-type":"","overlay-color":"","overlay-opacity":"","overlay-gradient":""}},"footnotes":""},"class_list":["post-781","page","type-page","status-publish","hentry"],"_links":{"self":[{"href":"https:\/\/www.backaby.se\/index.php?rest_route=\/wp\/v2\/pages\/781","targetHints":{"allow":["GET"]}}],"collection":[{"href":"https:\/\/www.backaby.se\/index.php?rest_route=\/wp\/v2\/pages"}],"about":[{"href":"https:\/\/www.backaby.se\/index.php?rest_route=\/wp\/v2\/types\/page"}],"author":[{"embeddable":true,"href":"https:\/\/www.backaby.se\/index.php?rest_route=\/wp\/v2\/users\/1"}],"replies":[{"embeddable":true,"href":"https:\/\/www.backaby.se\/index.php?rest_route=%2Fwp%2Fv2%2Fcomments&post=781"}],"version-history":[{"count":1,"href":"https:\/\/www.backaby.se\/index.php?rest_route=\/wp\/v2\/pages\/781\/revisions"}],"predecessor-version":[{"id":784,"href":"https:\/\/www.backaby.se\/index.php?rest_route=\/wp\/v2\/pages\/781\/revisions\/784"}],"up":[{"embeddable":true,"href":"https:\/\/www.backaby.se\/index.php?rest_route=\/wp\/v2\/pages\/778"}],"wp:attachment":[{"href":"https:\/\/www.backaby.se\/index.php?rest_route=%2Fwp%2Fv2%2Fmedia&parent=781"}],"curies":[{"name":"wp","href":"https:\/\/api.w.org\/{rel}","templated":true}]}}