{"id":793,"date":"2013-08-24T12:51:30","date_gmt":"2013-08-24T10:51:30","guid":{"rendered":"http:\/\/www.backaby.se\/?page_id=793"},"modified":"2026-03-31T11:16:10","modified_gmt":"2026-03-31T09:16:10","slug":"sockenforeningen","status":"publish","type":"page","link":"https:\/\/www.backaby.se\/?page_id=793","title":{"rendered":"B\u00e4ckaby Hembygds- och Sockenf\u00f6rening"},"content":{"rendered":"\n<p>2013 slog vi ihop B\u00e4ckaby Sockenr\u00e5d med B\u00e4ckaby Hembygdsf\u00f6rening till B\u00e4ckaby Hembygds- och Sockenf\u00f6reningen. Medlemsavgiften 200 kr per person och \u00e5r betalar du till f\u00f6reningens Bankgiro : 5276-7142. Gl\u00f6m ej att ange namn och vad inbetalningen avser. Du kan \u00e4ven fylla i formul\u00e4ret nedan s\u00e5 skickar vi en faktura med e-post:<\/p>\n\n\n<noscript class=\"ninja-forms-noscript-message\">\n\tObservera: JavaScript kr\u00e4vs f\u00f6r detta inneh\u00e5ll.<\/noscript>\n<div id=\"nf-form-2-cont\" class=\"nf-form-cont\" aria-live=\"polite\" aria-labelledby=\"nf-form-title-2\" aria-describedby=\"nf-form-errors-2\" role=\"form\">\n\n    <div class=\"nf-loading-spinner\"><\/div>\n\n<\/div>\n        <!-- That data is being printed as a workaround to page builders reordering the order of the scripts loaded-->\n        <script>var formDisplay=1;var nfForms=nfForms||[];var form=[];form.id='2';form.settings={\"objectType\":\"Form Setting\",\"editActive\":true,\"title\":\"Bli medlem i B\\u00e4ckaby Socken- och Hembygdsf\\u00f6rening\",\"show_title\":1,\"allow_public_link\":0,\"embed_form\":\"\",\"clear_complete\":1,\"hide_complete\":1,\"default_label_pos\":\"above\",\"wrapper_class\":\"\",\"element_class\":\"\",\"form_title_heading_level\":\"3\",\"key\":\"\",\"add_submit\":0,\"changeEmailErrorMsg\":\"Ange en giltig e-postadress!\",\"changeDateErrorMsg\":\"Ange ett giltigt datum!\",\"confirmFieldErrorMsg\":\"Dessa f\\u00e4lt m\\u00e5ste matcha!\",\"fieldNumberNumMinError\":\"Minnummer-fel\",\"fieldNumberNumMaxError\":\"Maxnummer-fel\",\"fieldNumberIncrementBy\":\"\\u00d6ka med \",\"formErrorsCorrectErrors\":\"R\\u00e4tta till fel innan du skickar in detta formul\\u00e4r.\",\"validateRequiredField\":\"Detta \\u00e4r ett obligatoriskt f\\u00e4lt.\",\"honeypotHoneypotError\":\"Honeypot-fel\",\"fieldsMarkedRequired\":\"F\\u00e4lt markerade med en <span class=\\\"ninja-forms-req-symbol\\\">*<\\\/span> \\u00e4r obligatoriskt\",\"currency\":\"\",\"unique_field_error\":\"Ett formul\\u00e4r med det h\\u00e4r v\\u00e4rdet har redan skickats.\",\"logged_in\":false,\"not_logged_in_msg\":\"\",\"sub_limit_msg\":\"Formul\\u00e4ret har n\\u00e5tt sin inl\\u00e4mningsgr\\u00e4ns.\",\"calculations\":[],\"formContentData\":[\"firstname_1745958245762\",\"lastname_1745958258323\",\"address_1745958306674\",\"city_1745958271936\",\"zip_1745958320429\",\"email_1745958312401\",\"phone_1745958482033\",\"fritext_1745958402776\",\"submit_1745958381089\"],\"objectDomain\":\"display\",\"drawerDisabled\":false,\"ninjaForms\":\"Ninja Forms\",\"fieldTextareaRTEInsertLink\":\"Infoga l\\u00e4nk\",\"fieldTextareaRTEInsertMedia\":\"Infoga media\",\"fieldTextareaRTESelectAFile\":\"V\\u00e4lj en fil\",\"tableInsertRowAbove\":\"Insert Row Above\",\"tableInsertRowBelow\":\"Insert Row Below\",\"tableInsertColumnLeft\":\"Insert Column Left\",\"tableInsertColumnRight\":\"Insert Column Right\",\"tableDeleteRow\":\"Delete Row\",\"tableDeleteColumn\":\"Delete Column\",\"tableDeleteTable\":\"Delete Table\",\"tableLegacyNotice\":\"This content has tables in the old editor format. Custom styles are preserved until converted. Editing will update to the new format.\",\"tableLegacyConvert\":\"Convert Now\",\"tableInsertTable\":\"Insert Table\",\"dismiss\":\"Avf\\u00e4rda\",\"insertLink\":\"Infoga l\\u00e4nk\",\"formHoneypot\":\"Om du \\u00e4r en m\\u00e4nniska som ser detta f\\u00e4lt, l\\u00e4mna det tomt.\",\"fileUploadOldCodeFileUploadInProgress\":\"Filuppladdning p\\u00e5g\\u00e5r.\",\"fileUploadOldCodeFileUpload\":\"FILUPPLADDNING\",\"currencySymbol\":\"kr\",\"thousands_sep\":\"&nbsp;\",\"decimal_point\":\",\",\"siteLocale\":\"sv_SE\",\"dateFormat\":\"Y\\\/m\\\/d\",\"startOfWeek\":\"1\",\"of\":\"av\",\"previousMonth\":\"F\\u00f6reg\\u00e5ende m\\u00e5nad\",\"nextMonth\":\"N\\u00e4sta m\\u00e5nad\",\"months\":[\"Januari\",\"Februari\",\"Mars\",\"April\",\"Maj\",\"Juni\",\"Juli\",\"Augusti\",\"September\",\"Oktober\",\"November\",\"December\"],\"monthsShort\":[\"Jan\",\"Feb\",\"Mar\",\"Apr\",\"Maj\",\"Jun\",\"Jul\",\"Aug\",\"Sep\",\"Okt\",\"Nov\",\"Dec\"],\"weekdays\":[\"S\\u00f6ndag\",\"M\\u00e5ndag\",\"Tisdag\",\"Onsdag\",\"Torsdag\",\"Fredag\",\"L\\u00f6rdag\"],\"weekdaysShort\":[\"S\\u00f6n\",\"M\\u00e5n\",\"Tis\",\"Ons\",\"Tor\",\"Fre\",\"L\\u00f6r\"],\"weekdaysMin\":[\"S\\u00f6\",\"M\\u00e5\",\"Ti\",\"On\",\"To\",\"Fr\",\"L\\u00f6\"],\"recaptchaConsentMissing\":\"reCaptcha validation couldn&#039;t load.\",\"recaptchaMissingCookie\":\"reCaptcha v3 validation couldn&#039;t load the cookie needed to submit the form.\",\"recaptchaConsentEvent\":\"Accept reCaptcha cookies before sending the form.\",\"currency_symbol\":\"\",\"beforeForm\":\"\",\"beforeFields\":\"\",\"afterFields\":\"\",\"afterForm\":\"\"};form.fields=[{\"objectType\":\"Field\",\"objectDomain\":\"fields\",\"editActive\":false,\"order\":1,\"idAttribute\":\"id\",\"label\":\"F\\u00f6rnamn\",\"type\":\"firstname\",\"key\":\"firstname_1745958245762\",\"label_pos\":\"above\",\"required\":1,\"default\":\"\",\"placeholder\":\"\",\"container_class\":\"\",\"element_class\":\"\",\"admin_label\":\"\",\"help_text\":\"\",\"custom_name_attribute\":\"fname\",\"personally_identifiable\":1,\"value\":\"\",\"id\":5,\"beforeField\":\"\",\"afterField\":\"\",\"parentType\":\"firstname\",\"element_templates\":[\"firstname\",\"input\"],\"old_classname\":\"\",\"wrap_template\":\"wrap\"},{\"objectType\":\"Field\",\"objectDomain\":\"fields\",\"editActive\":false,\"order\":2,\"idAttribute\":\"id\",\"label\":\"Efternamn\",\"type\":\"lastname\",\"key\":\"lastname_1745958258323\",\"label_pos\":\"above\",\"required\":1,\"default\":\"\",\"placeholder\":\"\",\"container_class\":\"\",\"element_class\":\"\",\"admin_label\":\"\",\"help_text\":\"\",\"custom_name_attribute\":\"lname\",\"personally_identifiable\":1,\"value\":\"\",\"id\":6,\"beforeField\":\"\",\"afterField\":\"\",\"parentType\":\"lastname\",\"element_templates\":[\"lastname\",\"input\"],\"old_classname\":\"\",\"wrap_template\":\"wrap\"},{\"objectType\":\"Field\",\"objectDomain\":\"fields\",\"editActive\":false,\"order\":3,\"idAttribute\":\"id\",\"label\":\"Adress\",\"type\":\"address\",\"key\":\"address_1745958306674\",\"label_pos\":\"above\",\"required\":1,\"default\":\"\",\"placeholder\":\"\",\"container_class\":\"\",\"element_class\":\"\",\"input_limit\":\"\",\"input_limit_type\":\"characters\",\"input_limit_msg\":\"Tecken kvar\",\"manual_key\":false,\"admin_label\":\"\",\"help_text\":\"\",\"mask\":\"\",\"custom_mask\":\"\",\"custom_name_attribute\":\"address\",\"personally_identifiable\":1,\"value\":\"\",\"id\":7,\"beforeField\":\"\",\"afterField\":\"\",\"parentType\":\"address\",\"element_templates\":[\"address\",\"textbox\",\"input\"],\"old_classname\":\"\",\"wrap_template\":\"wrap\"},{\"objectType\":\"Field\",\"objectDomain\":\"fields\",\"editActive\":false,\"order\":4,\"idAttribute\":\"id\",\"label\":\"Ort\",\"type\":\"city\",\"key\":\"city_1745958271936\",\"label_pos\":\"above\",\"required\":1,\"default\":\"\",\"placeholder\":\"\",\"container_class\":\"\",\"element_class\":\"\",\"input_limit\":\"\",\"input_limit_type\":\"characters\",\"input_limit_msg\":\"Tecken kvar\",\"manual_key\":false,\"admin_label\":\"\",\"help_text\":\"\",\"mask\":\"\",\"custom_mask\":\"\",\"custom_name_attribute\":\"city\",\"personally_identifiable\":\"\",\"value\":\"\",\"drawerDisabled\":false,\"id\":8,\"beforeField\":\"\",\"afterField\":\"\",\"parentType\":\"city\",\"element_templates\":[\"city\",\"textbox\",\"input\"],\"old_classname\":\"\",\"wrap_template\":\"wrap\"},{\"objectType\":\"Field\",\"objectDomain\":\"fields\",\"editActive\":false,\"order\":5,\"idAttribute\":\"id\",\"label\":\"Postnummer\",\"type\":\"zip\",\"key\":\"zip_1745958320429\",\"label_pos\":\"above\",\"required\":1,\"default\":\"\",\"placeholder\":\"\",\"container_class\":\"\",\"element_class\":\"\",\"input_limit\":\"\",\"input_limit_type\":\"characters\",\"input_limit_msg\":\"Tecken kvar\",\"manual_key\":false,\"admin_label\":\"\",\"help_text\":\"\",\"mask\":\"\",\"custom_mask\":\"\",\"custom_name_attribute\":\"zip\",\"personally_identifiable\":\"\",\"value\":\"\",\"id\":9,\"beforeField\":\"\",\"afterField\":\"\",\"parentType\":\"zip\",\"element_templates\":[\"zip\",\"textbox\",\"input\",\"textbox\",\"input\"],\"old_classname\":\"\",\"wrap_template\":\"wrap\"},{\"objectType\":\"Field\",\"objectDomain\":\"fields\",\"editActive\":false,\"order\":6,\"idAttribute\":\"id\",\"label\":\"E-post\",\"type\":\"email\",\"key\":\"email_1745958312401\",\"label_pos\":\"above\",\"required\":1,\"default\":\"\",\"placeholder\":\"\",\"container_class\":\"\",\"element_class\":\"\",\"admin_label\":\"\",\"help_text\":\"\",\"custom_name_attribute\":\"email\",\"personally_identifiable\":1,\"value\":\"\",\"drawerDisabled\":false,\"id\":10,\"beforeField\":\"\",\"afterField\":\"\",\"parentType\":\"email\",\"element_templates\":[\"email\",\"input\"],\"old_classname\":\"\",\"wrap_template\":\"wrap\"},{\"objectType\":\"Field\",\"objectDomain\":\"fields\",\"editActive\":false,\"order\":7,\"idAttribute\":\"id\",\"label\":\"Telefon\",\"type\":\"phone\",\"key\":\"phone_1745958482033\",\"label_pos\":\"above\",\"required\":false,\"default\":\"\",\"placeholder\":\"\",\"container_class\":\"\",\"element_class\":\"\",\"input_limit\":\"\",\"input_limit_type\":\"characters\",\"input_limit_msg\":\"Tecken kvar\",\"manual_key\":false,\"admin_label\":\"\",\"help_text\":\"\",\"mask\":\"\",\"custom_mask\":\"\",\"custom_name_attribute\":\"phone\",\"personally_identifiable\":1,\"value\":\"\",\"id\":11,\"beforeField\":\"\",\"afterField\":\"\",\"parentType\":\"textbox\",\"element_templates\":[\"tel\",\"textbox\",\"input\"],\"old_classname\":\"\",\"wrap_template\":\"wrap\"},{\"objectType\":\"Field\",\"objectDomain\":\"fields\",\"editActive\":false,\"order\":8,\"idAttribute\":\"id\",\"label\":\"Fritext\",\"type\":\"textarea\",\"key\":\"fritext_1745958402776\",\"label_pos\":\"above\",\"required\":false,\"default\":\"\",\"placeholder\":\"\",\"container_class\":\"\",\"element_class\":\"\",\"input_limit\":\"\",\"input_limit_type\":\"characters\",\"input_limit_msg\":\"Tecken kvar\",\"manual_key\":false,\"admin_label\":\"\",\"help_text\":\"\",\"textarea_rte\":\"\",\"disable_rte_mobile\":\"\",\"textarea_media\":\"\",\"value\":\"\",\"id\":12,\"beforeField\":\"\",\"afterField\":\"\",\"parentType\":\"textarea\",\"element_templates\":[\"textarea\",\"input\"],\"old_classname\":\"\",\"wrap_template\":\"wrap\"},{\"objectType\":\"Field\",\"objectDomain\":\"fields\",\"editActive\":false,\"order\":9,\"idAttribute\":\"id\",\"label\":\"Skicka\",\"type\":\"submit\",\"processing_label\":\"Behandlas\",\"container_class\":\"\",\"element_class\":\"\",\"key\":\"submit_1745958381089\",\"admin_label\":\"\",\"id\":13,\"beforeField\":\"\",\"afterField\":\"\",\"value\":\"\",\"label_pos\":\"above\",\"parentType\":\"textbox\",\"element_templates\":[\"submit\",\"button\",\"input\"],\"old_classname\":\"\",\"wrap_template\":\"wrap-no-label\"}];nfForms.push(form);<\/script>\n        \n\n\n<p class=\"has-medium-font-size\"><strong>Protokoll, yngst \u00f6verst.<\/strong><\/p>\n\n\n\n<figure class=\"wp-block-gallery has-nested-images columns-default is-cropped wp-block-gallery-1 is-layout-flex wp-block-gallery-is-layout-flex\"><\/figure>\n\n\n\n<p><a href=\"https:\/\/www.backaby.se\/wp-content\/uploads\/2026\/03\/Styrelsemote-2026-03-17.pdf\" data-type=\"attachment\" data-id=\"2515\">Styrelsem\u00f6te 2026-03-17<\/a><br><a href=\"https:\/\/www.backaby.se\/wp-content\/uploads\/2026\/03\/Styrelsemote-2026-03-03.pdf\" data-type=\"attachment\" data-id=\"2498\">Styrelsem\u00f6te 2026-03-03<\/a><br><a href=\"https:\/\/www.backaby.se\/wp-content\/uploads\/2026\/03\/Styrelsemote-2026-01-22.pdf\" data-type=\"attachment\" data-id=\"2514\">Styrelsem\u00f6te 2026-01-22<\/a><br><a href=\"https:\/\/www.backaby.se\/wp-content\/uploads\/2026\/03\/Styrelsemote-2025-11-25.pdf\" data-type=\"attachment\" data-id=\"2499\">Styrelsem\u00f6te 2025-11-25<\/a><br><a href=\"https:\/\/www.backaby.se\/wp-content\/uploads\/2025\/11\/Styrelsemote-2025-10-28.pdf\" data-type=\"attachment\" data-id=\"2452\">Styrelsem\u00f6te 2025-10-28<\/a><br><a href=\"https:\/\/www.backaby.se\/wp-content\/uploads\/2025\/11\/Protokoll-styrelsemote.pdf\" data-type=\"attachment\" data-id=\"2454\">Styrelsem\u00f6te 2025-10-06<\/a><br><a href=\"https:\/\/www.backaby.se\/wp-content\/uploads\/2025\/09\/Styrelsemote-2025-08-12.pdf\" data-type=\"attachment\" data-id=\"2445\">Styrelsem\u00f6te 2025-08-12<\/a><br><a href=\"https:\/\/www.backaby.se\/wp-content\/uploads\/2025\/11\/Styrelsemote-2025-06-04.pdf\" data-type=\"attachment\" data-id=\"2451\">Styrelsem\u00f6te 2025-06-04<\/a><br><a href=\"https:\/\/www.backaby.se\/wp-content\/uploads\/2025\/06\/Styrelsemote-2025-05-13.pdf\" data-type=\"attachment\" data-id=\"2429\">Styrelsem\u00f6te 2025-05-13<br><\/a><a href=\"https:\/\/www.backaby.se\/wp-content\/uploads\/2025\/06\/Styrelsemote-2025-04-15.pdf\" data-type=\"attachment\" data-id=\"2428\">Styrelsem\u00f6te 2025-04-15<br><\/a><a href=\"http:\/\/www.backaby.se\/wp-content\/uploads\/2025\/03\/Styrelsemote-2025-03-06.pdf\">Styrelsem\u00f6te 2025-03-06<br><\/a><a href=\"https:\/\/www.backaby.se\/wp-content\/http:\/\/www.backaby.se\/wp-content\/uploads\/2025\/04\/Styrelsemote-20250221-konstituerande.pdf\" data-type=\"attachment\" data-id=\"2305\">Styrelsem\u00f6te 2025-02-21<br><\/a><a href=\"http:\/\/www.backaby.se\/wp-content\/uploads\/2025\/02\/Styrelsemote-20250128.pdf\">Styrelsem\u00f6te 2025-01-28<\/a><br><a href=\"https:\/\/www.backaby.se\/wp-content\/uploads\/2025\/01\/Styrelsemote-20241112.pdf\" data-type=\"attachment\" data-id=\"2240\">Styrelsem\u00f6te 2024-11-12<\/a><br><a href=\"https:\/\/www.backaby.se\/wp-content\/uploads\/2025\/01\/Styrelsemote-20240814.pdf\" data-type=\"attachment\" data-id=\"2239\">Styrelsem\u00f6te 2024-08-14<\/a><br><a href=\"https:\/\/www.backaby.se\/wp-content\/uploads\/2024\/08\/Styrelsemote-20240528-protokoll.pdf\" data-type=\"attachment\" data-id=\"2176\">Styrelsem\u00f6te 2024-05-28<\/a> <br><a href=\"https:\/\/www.backaby.se\/wp-content\/uploads\/2024\/08\/Styrelsemote-20240418.pdf\" data-type=\"attachment\" data-id=\"2175\">Styrelsem\u00f6te 2024-04-18<\/a> <br><a href=\"https:\/\/www.backaby.se\/wp-content\/uploads\/2024\/08\/Styrelsemote-20240404.pdf\" data-type=\"attachment\" data-id=\"2174\">Styrelsem\u00f6te 2024-04-04<\/a> <br><a href=\"https:\/\/www.backaby.se\/wp-content\/uploads\/2024\/08\/Styrelsemote-20240223-konstituerande.pdf\" data-type=\"attachment\" data-id=\"2173\">Styrelsem\u00f6te 2024-02-23<\/a> <br><a href=\"http:\/\/www.backaby.se\/wp-content\/uploads\/2024\/01\/20240124-protokoll-styrelsemotet-2.pdf\">Styrelsem\u00f6te 2024-01-23<\/a><br><a href=\"http:\/\/www.backaby.se\/wp-content\/uploads\/2023\/11\/Styrelsemote-for-Backaby-Hembygds-och-Sockenforening-2023-09-26-redigerad.pdf\">Styrelsem\u00f6te 2023-09-26<\/a><br><a href=\"http:\/\/www.backaby.se\/wp-content\/uploads\/2023\/04\/Styrelsemote-for-Backaby-Hembygds-och-Sockenforening-2023-03-15.pdf\">Styrelsem\u00f6te 2023-03-15<\/a><br><a href=\"http:\/\/www.backaby.se\/wp-content\/uploads\/2023\/01\/Styrelsemote-for-Backaby-Hembygds-och-Sockenforening-2023-01-16.pdf\">Styrelsem\u00f6te 2023-01-16<\/a><br><a href=\"http:\/\/www.backaby.se\/wp-content\/uploads\/2022\/11\/Styrelsemote-for-Backaby-Hembygds-och-Sockenforening-2022-11-01.pdf\">Styrelsem\u00f6te 2022-11-01<\/a><br><a href=\"http:\/\/www.backaby.se\/wp-content\/uploads\/2022\/06\/Styrelsemote-for-Backaby-Hembygds-och-Sockenforening-2022-06-121.pdf\">Styrelsem\u00f6te 2022-06-12<\/a><br><a href=\"http:\/\/www.backaby.se\/wp-content\/uploads\/2022\/06\/Styrelsemote-for-Backaby-Hembygds-och-Sockenforening-2022-02-23.pdf\">Styrelsem\u00f6te 2022-02-23<\/a><br><a href=\"http:\/\/www.backaby.se\/wp-content\/uploads\/2022\/06\/Styrelsemote-for-Backaby-Hembygds-och-Sockenforening-2022-01-22.pdf\">Styrelsem\u00f6te 2022-01-22<\/a><\/p>\n\n\n\n<p><a href=\"https:\/\/www.backaby.se\/wp-content\/uploads\/2026\/03\/Protokoll-arsmote-260220-1.pdf\" data-type=\"attachment\" data-id=\"2481\">\u00c5rsm\u00f6te 2026<\/a><br><a href=\"http:\/\/www.backaby.se\/wp-content\/uploads\/2025\/04\/Arsmote-2025-protokoll.-justerat.pdf\">\u00c5rsm\u00f6te 2025<\/a><br><a href=\"http:\/\/www.backaby.se\/wp-content\/uploads\/2024\/03\/Arsmote-2024-Protokoll-1.pdf\">\u00c5rsm\u00f6te 2024<\/a><br><a href=\"http:\/\/www.backaby.se\/wp-content\/uploads\/2023\/03\/Arsmote-2023-Sammanstallning.pdf\">\u00c5rsm\u00f6te 2023<\/a><br><a href=\"http:\/\/www.backaby.se\/wp-content\/uploads\/2022\/03\/Arsmote-2022-komplett.pdf\">\u00c5rsm\u00f6te 2022<\/a><br><a href=\"http:\/\/www.backaby.se\/wp-content\/uploads\/2021\/06\/\u00c5rsm\u00f6te-2021-komplett.pdf\">\u00c5rsm\u00f6te 2021<\/a><br><a href=\"http:\/\/www.backaby.se\/wp-content\/uploads\/2020\/03\/\u00c5rsm\u00f6te-2020-komplett.pdf\">\u00c5rsm\u00f6te 2020<\/a><br><a href=\"http:\/\/www.backaby.se\/wp-content\/uploads\/2019\/03\/\u00c5rsm\u00f6te-2019-komplett.pdf\">\u00c5rsm\u00f6te 2019<\/a><\/p>\n\n\n\n<p><\/p>\n","protected":false},"excerpt":{"rendered":"<p>2013 slog vi ihop B\u00e4ckaby Sockenr\u00e5d med B\u00e4ckaby Hembygdsf\u00f6rening till B\u00e4ckaby Hembygds- och Sockenf\u00f6reningen. Medlemsavgiften 200 kr per person och [&hellip;]<\/p>\n","protected":false},"author":1,"featured_media":0,"parent":0,"menu_order":0,"comment_status":"closed","ping_status":"open","template":"","meta":{"site-sidebar-layout":"default","site-content-layout":"","ast-site-content-layout":"","site-content-style":"default","site-sidebar-style":"default","ast-global-header-display":"","ast-banner-title-visibility":"","ast-main-header-display":"","ast-hfb-above-header-display":"","ast-hfb-below-header-display":"","ast-hfb-mobile-header-display":"","site-post-title":"","ast-breadcrumbs-content":"","ast-featured-img":"","footer-sml-layout":"","theme-transparent-header-meta":"","adv-header-id-meta":"","stick-header-meta":"","header-above-stick-meta":"","header-main-stick-meta":"","header-below-stick-meta":"","astra-migrate-meta-layouts":"default","ast-page-background-enabled":"default","ast-page-background-meta":{"desktop":{"background-color":"var(--ast-global-color-4)","background-image":"","background-repeat":"repeat","background-position":"center center","background-size":"auto","background-attachment":"scroll","background-type":"","background-media":"","overlay-type":"","overlay-color":"","overlay-opacity":"","overlay-gradient":""},"tablet":{"background-color":"","background-image":"","background-repeat":"repeat","background-position":"center center","background-size":"auto","background-attachment":"scroll","background-type":"","background-media":"","overlay-type":"","overlay-color":"","overlay-opacity":"","overlay-gradient":""},"mobile":{"background-color":"","background-image":"","background-repeat":"repeat","background-position":"center center","background-size":"auto","background-attachment":"scroll","background-type":"","background-media":"","overlay-type":"","overlay-color":"","overlay-opacity":"","overlay-gradient":""}},"ast-content-background-meta":{"desktop":{"background-color":"var(--ast-global-color-5)","background-image":"","background-repeat":"repeat","background-position":"center center","background-size":"auto","background-attachment":"scroll","background-type":"","background-media":"","overlay-type":"","overlay-color":"","overlay-opacity":"","overlay-gradient":""},"tablet":{"background-color":"var(--ast-global-color-5)","background-image":"","background-repeat":"repeat","background-position":"center center","background-size":"auto","background-attachment":"scroll","background-type":"","background-media":"","overlay-type":"","overlay-color":"","overlay-opacity":"","overlay-gradient":""},"mobile":{"background-color":"var(--ast-global-color-5)","background-image":"","background-repeat":"repeat","background-position":"center center","background-size":"auto","background-attachment":"scroll","background-type":"","background-media":"","overlay-type":"","overlay-color":"","overlay-opacity":"","overlay-gradient":""}},"footnotes":""},"class_list":["post-793","page","type-page","status-publish","hentry"],"_links":{"self":[{"href":"https:\/\/www.backaby.se\/index.php?rest_route=\/wp\/v2\/pages\/793","targetHints":{"allow":["GET"]}}],"collection":[{"href":"https:\/\/www.backaby.se\/index.php?rest_route=\/wp\/v2\/pages"}],"about":[{"href":"https:\/\/www.backaby.se\/index.php?rest_route=\/wp\/v2\/types\/page"}],"author":[{"embeddable":true,"href":"https:\/\/www.backaby.se\/index.php?rest_route=\/wp\/v2\/users\/1"}],"replies":[{"embeddable":true,"href":"https:\/\/www.backaby.se\/index.php?rest_route=%2Fwp%2Fv2%2Fcomments&post=793"}],"version-history":[{"count":45,"href":"https:\/\/www.backaby.se\/index.php?rest_route=\/wp\/v2\/pages\/793\/revisions"}],"predecessor-version":[{"id":2517,"href":"https:\/\/www.backaby.se\/index.php?rest_route=\/wp\/v2\/pages\/793\/revisions\/2517"}],"wp:attachment":[{"href":"https:\/\/www.backaby.se\/index.php?rest_route=%2Fwp%2Fv2%2Fmedia&parent=793"}],"curies":[{"name":"wp","href":"https:\/\/api.w.org\/{rel}","templated":true}]}}